{"id":1200,"date":"2025-04-24T15:28:10","date_gmt":"2025-04-24T13:28:10","guid":{"rendered":"https:\/\/glasbeek.com\/ueber-glasbeek\/"},"modified":"2025-07-09T15:28:20","modified_gmt":"2025-07-09T13:28:20","slug":"ueber-glasbeek","status":"publish","type":"page","link":"https:\/\/glasbeek.com\/de\/ueber-glasbeek\/","title":{"rendered":"\u00dcber Glasbeek"},"content":{"rendered":"<p>Nachhaltigkeit steht im Mittelpunkt unseres Handelns. Unsere Anlagen sind mit dem Fokus auf Energieeffizienz und lange Lebensdauer entwickelt. Wir verwenden die neuesten Technologien und arbeiten mit hochwertigen, nachhaltigen Materialien, um einen Beitrag zur Kreislaufwirtschaft zu leisten. Durch umweltfreundliche Prozesse helfen wir unseren Kunden, ihre Nachhaltigkeitsziele zu erreichen.<\/p>\n<p>Seit unserer Gr\u00fcndung im Jahr 1909 als Familienunternehmen haben wir uns zu einem f\u00fchrenden Partner f\u00fcr industrielle Unternehmen entwickelt. Unsere beiden Produktionsst\u00e4tten sind mit den neuesten Technologien und automatisierten Systemen ausgestattet, um die h\u00f6chsten Qualit\u00e4tsstandards zu erf\u00fcllen.<\/p>\n<p>Bei Glasbeek glauben wir, dass eine zuverl\u00e4ssige und effiziente Anlage die Grundlage Ihres Produktionsprozesses ist. Deshalb setzen wir uns daf\u00fcr ein, nachhaltige, ma\u00dfgeschneiderte L\u00f6sungen zu liefern, die nicht nur Ihre Erwartungen erf\u00fcllen, sondern \u00fcbertreffen. Gemeinsam gestalten wir eine Zukunft, in der Innovation, Qualit\u00e4t und Nachhaltigkeit im Mittelpunkt unseres Handelns stehen.<\/p>\n","protected":false},"excerpt":{"rendered":"<p>Nachhaltigkeit steht im Mittelpunkt unseres Handelns. Unsere Anlagen sind mit dem Fokus auf Energieeffizienz und lange Lebensdauer entwickelt. Wir verwenden die neuesten Technologien und arbeiten mit hochwertigen, nachhaltigen Materialien, um einen Beitrag zur Kreislaufwirtschaft zu leisten. Durch umweltfreundliche Prozesse helfen wir unseren Kunden, ihre Nachhaltigkeitsziele zu erreichen. Seit unserer Gr\u00fcndung im Jahr 1909 als Familienunternehmen [&hellip;]<\/p>\n","protected":false},"author":1,"featured_media":1103,"parent":0,"menu_order":20,"comment_status":"closed","ping_status":"closed","template":"","meta":{"_acf_changed":false,"footnotes":""},"categories":[20],"class_list":["post-1200","page","type-page","status-publish","has-post-thumbnail","hentry","category-uber"],"acf":[],"yoast_head":"<!-- This site is optimized with the Yoast SEO plugin v27.4 - https:\/\/yoast.com\/product\/yoast-seo-wordpress\/ -->\n<title>\u00dcber Glasbeek - Glasbeek | Surface Treatment Systems<\/title>\n<meta name=\"description\" content=\"Glasbeek \u2013 Seit 1909 ma\u00dfgeschneiderte, nachhaltige L\u00f6sungen f\u00fcr Oberfl\u00e4chentechnik, Effizienz &amp; Innovation.\" \/>\n<meta name=\"robots\" content=\"index, follow, max-snippet:-1, max-image-preview:large, max-video-preview:-1\" \/>\n<link rel=\"canonical\" href=\"https:\/\/glasbeek.com\/de\/ueber-glasbeek\/\" \/>\n<meta property=\"og:locale\" content=\"de_DE\" \/>\n<meta property=\"og:type\" content=\"article\" \/>\n<meta property=\"og:title\" content=\"\u00dcber Glasbeek - Glasbeek | Surface Treatment Systems\" \/>\n<meta property=\"og:description\" content=\"Glasbeek \u2013 Seit 1909 ma\u00dfgeschneiderte, nachhaltige L\u00f6sungen f\u00fcr Oberfl\u00e4chentechnik, Effizienz &amp; Innovation.\" \/>\n<meta property=\"og:url\" content=\"https:\/\/glasbeek.com\/de\/ueber-glasbeek\/\" \/>\n<meta property=\"og:site_name\" content=\"Glasbeek | Surface Treatment Systems\" \/>\n<meta property=\"article:modified_time\" content=\"2025-07-09T13:28:20+00:00\" \/>\n<meta property=\"og:image\" content=\"https:\/\/glasbeek.com\/wp-content\/uploads\/2025\/04\/over_glasbeek_office_2.jpg\" \/>\n\t<meta property=\"og:image:width\" content=\"743\" \/>\n\t<meta property=\"og:image:height\" content=\"432\" \/>\n\t<meta property=\"og:image:type\" content=\"image\/jpeg\" \/>\n<meta name=\"twitter:card\" content=\"summary_large_image\" \/>\n<meta name=\"twitter:label1\" content=\"Gesch\u00e4tzte Lesezeit\" \/>\n\t<meta name=\"twitter:data1\" content=\"1\u00a0Minute\" \/>\n<script type=\"application\/ld+json\" class=\"yoast-schema-graph\">{\"@context\":\"https:\\\/\\\/schema.org\",\"@graph\":[{\"@type\":\"WebPage\",\"@id\":\"https:\\\/\\\/glasbeek.com\\\/de\\\/ueber-glasbeek\\\/\",\"url\":\"https:\\\/\\\/glasbeek.com\\\/de\\\/ueber-glasbeek\\\/\",\"name\":\"\u00dcber Glasbeek - Glasbeek | Surface Treatment Systems\",\"isPartOf\":{\"@id\":\"https:\\\/\\\/glasbeek.com\\\/#website\"},\"primaryImageOfPage\":{\"@id\":\"https:\\\/\\\/glasbeek.com\\\/de\\\/ueber-glasbeek\\\/#primaryimage\"},\"image\":{\"@id\":\"https:\\\/\\\/glasbeek.com\\\/de\\\/ueber-glasbeek\\\/#primaryimage\"},\"thumbnailUrl\":\"https:\\\/\\\/glasbeek.com\\\/wp-content\\\/uploads\\\/2025\\\/04\\\/over_glasbeek_office_2.jpg\",\"datePublished\":\"2025-04-24T13:28:10+00:00\",\"dateModified\":\"2025-07-09T13:28:20+00:00\",\"description\":\"Glasbeek \u2013 Seit 1909 ma\u00dfgeschneiderte, nachhaltige L\u00f6sungen f\u00fcr Oberfl\u00e4chentechnik, Effizienz & Innovation.\",\"breadcrumb\":{\"@id\":\"https:\\\/\\\/glasbeek.com\\\/de\\\/ueber-glasbeek\\\/#breadcrumb\"},\"inLanguage\":\"de\",\"potentialAction\":[{\"@type\":\"ReadAction\",\"target\":[\"https:\\\/\\\/glasbeek.com\\\/de\\\/ueber-glasbeek\\\/\"]}]},{\"@type\":\"ImageObject\",\"inLanguage\":\"de\",\"@id\":\"https:\\\/\\\/glasbeek.com\\\/de\\\/ueber-glasbeek\\\/#primaryimage\",\"url\":\"https:\\\/\\\/glasbeek.com\\\/wp-content\\\/uploads\\\/2025\\\/04\\\/over_glasbeek_office_2.jpg\",\"contentUrl\":\"https:\\\/\\\/glasbeek.com\\\/wp-content\\\/uploads\\\/2025\\\/04\\\/over_glasbeek_office_2.jpg\",\"width\":743,\"height\":432,\"caption\":\"Glasbeek Office\"},{\"@type\":\"BreadcrumbList\",\"@id\":\"https:\\\/\\\/glasbeek.com\\\/de\\\/ueber-glasbeek\\\/#breadcrumb\",\"itemListElement\":[{\"@type\":\"ListItem\",\"position\":1,\"name\":\"Home\",\"item\":\"https:\\\/\\\/glasbeek.com\\\/de\\\/home\\\/\"},{\"@type\":\"ListItem\",\"position\":2,\"name\":\"\u00dcber Glasbeek\"}]},{\"@type\":\"WebSite\",\"@id\":\"https:\\\/\\\/glasbeek.com\\\/#website\",\"url\":\"https:\\\/\\\/glasbeek.com\\\/\",\"name\":\"Glasbeek | Surface Treatment Systems\",\"description\":\"\",\"potentialAction\":[{\"@type\":\"SearchAction\",\"target\":{\"@type\":\"EntryPoint\",\"urlTemplate\":\"https:\\\/\\\/glasbeek.com\\\/?s={search_term_string}\"},\"query-input\":{\"@type\":\"PropertyValueSpecification\",\"valueRequired\":true,\"valueName\":\"search_term_string\"}}],\"inLanguage\":\"de\"}]}<\/script>\n<!-- \/ Yoast SEO plugin. -->","yoast_head_json":{"title":"\u00dcber Glasbeek - Glasbeek | Surface Treatment Systems","description":"Glasbeek \u2013 Seit 1909 ma\u00dfgeschneiderte, nachhaltige L\u00f6sungen f\u00fcr Oberfl\u00e4chentechnik, Effizienz & Innovation.","robots":{"index":"index","follow":"follow","max-snippet":"max-snippet:-1","max-image-preview":"max-image-preview:large","max-video-preview":"max-video-preview:-1"},"canonical":"https:\/\/glasbeek.com\/de\/ueber-glasbeek\/","og_locale":"de_DE","og_type":"article","og_title":"\u00dcber Glasbeek - Glasbeek | Surface Treatment Systems","og_description":"Glasbeek \u2013 Seit 1909 ma\u00dfgeschneiderte, nachhaltige L\u00f6sungen f\u00fcr Oberfl\u00e4chentechnik, Effizienz & Innovation.","og_url":"https:\/\/glasbeek.com\/de\/ueber-glasbeek\/","og_site_name":"Glasbeek | Surface Treatment Systems","article_modified_time":"2025-07-09T13:28:20+00:00","og_image":[{"width":743,"height":432,"url":"https:\/\/glasbeek.com\/wp-content\/uploads\/2025\/04\/over_glasbeek_office_2.jpg","type":"image\/jpeg"}],"twitter_card":"summary_large_image","twitter_misc":{"Gesch\u00e4tzte Lesezeit":"1\u00a0Minute"},"schema":{"@context":"https:\/\/schema.org","@graph":[{"@type":"WebPage","@id":"https:\/\/glasbeek.com\/de\/ueber-glasbeek\/","url":"https:\/\/glasbeek.com\/de\/ueber-glasbeek\/","name":"\u00dcber Glasbeek - Glasbeek | Surface Treatment Systems","isPartOf":{"@id":"https:\/\/glasbeek.com\/#website"},"primaryImageOfPage":{"@id":"https:\/\/glasbeek.com\/de\/ueber-glasbeek\/#primaryimage"},"image":{"@id":"https:\/\/glasbeek.com\/de\/ueber-glasbeek\/#primaryimage"},"thumbnailUrl":"https:\/\/glasbeek.com\/wp-content\/uploads\/2025\/04\/over_glasbeek_office_2.jpg","datePublished":"2025-04-24T13:28:10+00:00","dateModified":"2025-07-09T13:28:20+00:00","description":"Glasbeek \u2013 Seit 1909 ma\u00dfgeschneiderte, nachhaltige L\u00f6sungen f\u00fcr Oberfl\u00e4chentechnik, Effizienz & Innovation.","breadcrumb":{"@id":"https:\/\/glasbeek.com\/de\/ueber-glasbeek\/#breadcrumb"},"inLanguage":"de","potentialAction":[{"@type":"ReadAction","target":["https:\/\/glasbeek.com\/de\/ueber-glasbeek\/"]}]},{"@type":"ImageObject","inLanguage":"de","@id":"https:\/\/glasbeek.com\/de\/ueber-glasbeek\/#primaryimage","url":"https:\/\/glasbeek.com\/wp-content\/uploads\/2025\/04\/over_glasbeek_office_2.jpg","contentUrl":"https:\/\/glasbeek.com\/wp-content\/uploads\/2025\/04\/over_glasbeek_office_2.jpg","width":743,"height":432,"caption":"Glasbeek Office"},{"@type":"BreadcrumbList","@id":"https:\/\/glasbeek.com\/de\/ueber-glasbeek\/#breadcrumb","itemListElement":[{"@type":"ListItem","position":1,"name":"Home","item":"https:\/\/glasbeek.com\/de\/home\/"},{"@type":"ListItem","position":2,"name":"\u00dcber Glasbeek"}]},{"@type":"WebSite","@id":"https:\/\/glasbeek.com\/#website","url":"https:\/\/glasbeek.com\/","name":"Glasbeek | Surface Treatment Systems","description":"","potentialAction":[{"@type":"SearchAction","target":{"@type":"EntryPoint","urlTemplate":"https:\/\/glasbeek.com\/?s={search_term_string}"},"query-input":{"@type":"PropertyValueSpecification","valueRequired":true,"valueName":"search_term_string"}}],"inLanguage":"de"}]}},"_links":{"self":[{"href":"https:\/\/glasbeek.com\/de\/wp-json\/wp\/v2\/pages\/1200","targetHints":{"allow":["GET"]}}],"collection":[{"href":"https:\/\/glasbeek.com\/de\/wp-json\/wp\/v2\/pages"}],"about":[{"href":"https:\/\/glasbeek.com\/de\/wp-json\/wp\/v2\/types\/page"}],"author":[{"embeddable":true,"href":"https:\/\/glasbeek.com\/de\/wp-json\/wp\/v2\/users\/1"}],"replies":[{"embeddable":true,"href":"https:\/\/glasbeek.com\/de\/wp-json\/wp\/v2\/comments?post=1200"}],"version-history":[{"count":2,"href":"https:\/\/glasbeek.com\/de\/wp-json\/wp\/v2\/pages\/1200\/revisions"}],"predecessor-version":[{"id":1396,"href":"https:\/\/glasbeek.com\/de\/wp-json\/wp\/v2\/pages\/1200\/revisions\/1396"}],"wp:featuredmedia":[{"embeddable":true,"href":"https:\/\/glasbeek.com\/de\/wp-json\/wp\/v2\/media\/1103"}],"wp:attachment":[{"href":"https:\/\/glasbeek.com\/de\/wp-json\/wp\/v2\/media?parent=1200"}],"wp:term":[{"taxonomy":"category","embeddable":true,"href":"https:\/\/glasbeek.com\/de\/wp-json\/wp\/v2\/categories?post=1200"}],"curies":[{"name":"wp","href":"https:\/\/api.w.org\/{rel}","templated":true}]}}