{"id":1201,"date":"2025-04-24T15:52:11","date_gmt":"2025-04-24T13:52:11","guid":{"rendered":"https:\/\/glasbeek.com\/kernaktivitaeten\/"},"modified":"2025-07-09T15:56:39","modified_gmt":"2025-07-09T13:56:39","slug":"kernaktivitaeten","status":"publish","type":"page","link":"https:\/\/glasbeek.com\/de\/kernaktivitaeten\/","title":{"rendered":"Kernaktivit\u00e4ten"},"content":{"rendered":"<h3>Unsere Kernaktivit\u00e4ten<\/h3>\n<p>Wir bieten eine umfassende Palette von L\u00f6sungen, von der Vorbehandlung und Pulverbeschichtung bis hin zu \u00d6fen und Transportsystemen. Neben innovativen Produkten bieten wir Schulungen, Wissensaustausch und zuverl\u00e4ssigen After-Sales-Support. Unsere Wartungsdienste werden schnell und professionell von unseren Spezialisten durchgef\u00fchrt. Nachhaltigkeit ist ein zentraler Wert: Unsere Installationen sparen Energie, senken Wartungskosten und minimieren die Umweltauswirkungen.<\/p>\n<h3>Intelligente L\u00f6sungen f\u00fcr moderne Industrien<\/h3>\n<p>Glasbeek kombiniert technologische Fortschritte mit praktischen Erkenntnissen. Unsere Installationen sind auf Zuverl\u00e4ssigkeit, Sicherheit und zukunftssichere Leistung ausgelegt. Dank unseres umfangreichen Europ\u00e4ischen Netzwerks von Vertriebsteams, H\u00e4ndlern und Vertretern k\u00f6nnen wir schnell reagieren und ma\u00dfgeschneiderte L\u00f6sungen liefern.<\/p>\n<h3>Immer in der N\u00e4he<\/h3>\n<p>Mit einem effizienten Verteilungssystem gew\u00e4hrleisten wir die schnelle Lieferung von Ersatzteilen und verwandten Artikeln. Unser Service- und Wartungsteam steht bereit, um Ihre Installation in einwandfreiem Zustand zu halten und reibungslose und ununterbrochene Produktionsprozesse zu gew\u00e4hrleisten.<\/p>\n<h3>Arbeiten bei Glasbeek<\/h3>\n<p>Bei Glasbeek glauben wir daran, Talente zu f\u00f6rdern und Chancen zu bieten, die Zukunft der Branche mitzugestalten. Wir suchen ambitionierte Fachkr\u00e4fte, die leidenschaftlich daran interessiert sind, Innovationen und qualitativ hochwertige Arbeit zu f\u00f6rdern. Haben Sie Interesse, Teil unseres Teams zu werden? Wir freuen uns auf Ihre Bewerbung!<\/p>\n<p>Glasbeek: Gemeinsam bauen wir eine nachhaltige und effiziente Zukunft.<\/p>\n","protected":false},"excerpt":{"rendered":"<p>Unsere Kernaktivit\u00e4ten Wir bieten eine umfassende Palette von L\u00f6sungen, von der Vorbehandlung und Pulverbeschichtung bis hin zu \u00d6fen und Transportsystemen. Neben innovativen Produkten bieten wir Schulungen, Wissensaustausch und zuverl\u00e4ssigen After-Sales-Support. Unsere Wartungsdienste werden schnell und professionell von unseren Spezialisten durchgef\u00fchrt. Nachhaltigkeit ist ein zentraler Wert: Unsere Installationen sparen Energie, senken Wartungskosten und minimieren die Umweltauswirkungen. [&hellip;]<\/p>\n","protected":false},"author":1,"featured_media":1100,"parent":0,"menu_order":22,"comment_status":"closed","ping_status":"closed","template":"","meta":{"_acf_changed":false,"footnotes":""},"categories":[20],"class_list":["post-1201","page","type-page","status-publish","has-post-thumbnail","hentry","category-uber"],"acf":[],"yoast_head":"<!-- This site is optimized with the Yoast SEO plugin v27.4 - https:\/\/yoast.com\/product\/yoast-seo-wordpress\/ -->\n<title>Kernaktivit\u00e4ten - Glasbeek | Surface Treatment Systems<\/title>\n<meta name=\"description\" content=\"Glasbeek \u2013 Planung, Bau &amp; Wartung von Anlagen f\u00fcr die Oberfl\u00e4chenbehandlung. Innovativ, effizient &amp; nachhaltig.\" \/>\n<meta name=\"robots\" content=\"index, follow, max-snippet:-1, max-image-preview:large, max-video-preview:-1\" \/>\n<link rel=\"canonical\" href=\"https:\/\/glasbeek.com\/de\/kernaktivitaeten\/\" \/>\n<meta property=\"og:locale\" content=\"de_DE\" \/>\n<meta property=\"og:type\" content=\"article\" \/>\n<meta property=\"og:title\" content=\"Kernaktivit\u00e4ten - Glasbeek | Surface Treatment Systems\" \/>\n<meta property=\"og:description\" content=\"Glasbeek \u2013 Planung, Bau &amp; Wartung von Anlagen f\u00fcr die Oberfl\u00e4chenbehandlung. Innovativ, effizient &amp; nachhaltig.\" \/>\n<meta property=\"og:url\" content=\"https:\/\/glasbeek.com\/de\/kernaktivitaeten\/\" \/>\n<meta property=\"og:site_name\" content=\"Glasbeek | Surface Treatment Systems\" \/>\n<meta property=\"article:modified_time\" content=\"2025-07-09T13:56:39+00:00\" \/>\n<meta property=\"og:image\" content=\"https:\/\/glasbeek.com\/wp-content\/uploads\/2025\/04\/kernactiviteiten_glasbeek.jpg\" \/>\n\t<meta property=\"og:image:width\" content=\"743\" \/>\n\t<meta property=\"og:image:height\" content=\"432\" \/>\n\t<meta property=\"og:image:type\" content=\"image\/jpeg\" \/>\n<meta name=\"twitter:card\" content=\"summary_large_image\" \/>\n<meta name=\"twitter:label1\" content=\"Gesch\u00e4tzte Lesezeit\" \/>\n\t<meta name=\"twitter:data1\" content=\"2\u00a0Minuten\" \/>\n<script type=\"application\/ld+json\" class=\"yoast-schema-graph\">{\"@context\":\"https:\\\/\\\/schema.org\",\"@graph\":[{\"@type\":\"WebPage\",\"@id\":\"https:\\\/\\\/glasbeek.com\\\/de\\\/kernaktivitaeten\\\/\",\"url\":\"https:\\\/\\\/glasbeek.com\\\/de\\\/kernaktivitaeten\\\/\",\"name\":\"Kernaktivit\u00e4ten - Glasbeek | Surface Treatment Systems\",\"isPartOf\":{\"@id\":\"https:\\\/\\\/glasbeek.com\\\/#website\"},\"primaryImageOfPage\":{\"@id\":\"https:\\\/\\\/glasbeek.com\\\/de\\\/kernaktivitaeten\\\/#primaryimage\"},\"image\":{\"@id\":\"https:\\\/\\\/glasbeek.com\\\/de\\\/kernaktivitaeten\\\/#primaryimage\"},\"thumbnailUrl\":\"https:\\\/\\\/glasbeek.com\\\/wp-content\\\/uploads\\\/2025\\\/04\\\/kernactiviteiten_glasbeek.jpg\",\"datePublished\":\"2025-04-24T13:52:11+00:00\",\"dateModified\":\"2025-07-09T13:56:39+00:00\",\"description\":\"Glasbeek \u2013 Planung, Bau & Wartung von Anlagen f\u00fcr die Oberfl\u00e4chenbehandlung. Innovativ, effizient & nachhaltig.\",\"breadcrumb\":{\"@id\":\"https:\\\/\\\/glasbeek.com\\\/de\\\/kernaktivitaeten\\\/#breadcrumb\"},\"inLanguage\":\"de\",\"potentialAction\":[{\"@type\":\"ReadAction\",\"target\":[\"https:\\\/\\\/glasbeek.com\\\/de\\\/kernaktivitaeten\\\/\"]}]},{\"@type\":\"ImageObject\",\"inLanguage\":\"de\",\"@id\":\"https:\\\/\\\/glasbeek.com\\\/de\\\/kernaktivitaeten\\\/#primaryimage\",\"url\":\"https:\\\/\\\/glasbeek.com\\\/wp-content\\\/uploads\\\/2025\\\/04\\\/kernactiviteiten_glasbeek.jpg\",\"contentUrl\":\"https:\\\/\\\/glasbeek.com\\\/wp-content\\\/uploads\\\/2025\\\/04\\\/kernactiviteiten_glasbeek.jpg\",\"width\":743,\"height\":432,\"caption\":\"Kernactiviteiten Glasbeek\"},{\"@type\":\"BreadcrumbList\",\"@id\":\"https:\\\/\\\/glasbeek.com\\\/de\\\/kernaktivitaeten\\\/#breadcrumb\",\"itemListElement\":[{\"@type\":\"ListItem\",\"position\":1,\"name\":\"Home\",\"item\":\"https:\\\/\\\/glasbeek.com\\\/de\\\/home\\\/\"},{\"@type\":\"ListItem\",\"position\":2,\"name\":\"Kernaktivit\u00e4ten\"}]},{\"@type\":\"WebSite\",\"@id\":\"https:\\\/\\\/glasbeek.com\\\/#website\",\"url\":\"https:\\\/\\\/glasbeek.com\\\/\",\"name\":\"Glasbeek | Surface Treatment Systems\",\"description\":\"\",\"potentialAction\":[{\"@type\":\"SearchAction\",\"target\":{\"@type\":\"EntryPoint\",\"urlTemplate\":\"https:\\\/\\\/glasbeek.com\\\/?s={search_term_string}\"},\"query-input\":{\"@type\":\"PropertyValueSpecification\",\"valueRequired\":true,\"valueName\":\"search_term_string\"}}],\"inLanguage\":\"de\"}]}<\/script>\n<!-- \/ Yoast SEO plugin. -->","yoast_head_json":{"title":"Kernaktivit\u00e4ten - Glasbeek | Surface Treatment Systems","description":"Glasbeek \u2013 Planung, Bau & Wartung von Anlagen f\u00fcr die Oberfl\u00e4chenbehandlung. Innovativ, effizient & nachhaltig.","robots":{"index":"index","follow":"follow","max-snippet":"max-snippet:-1","max-image-preview":"max-image-preview:large","max-video-preview":"max-video-preview:-1"},"canonical":"https:\/\/glasbeek.com\/de\/kernaktivitaeten\/","og_locale":"de_DE","og_type":"article","og_title":"Kernaktivit\u00e4ten - Glasbeek | Surface Treatment Systems","og_description":"Glasbeek \u2013 Planung, Bau & Wartung von Anlagen f\u00fcr die Oberfl\u00e4chenbehandlung. Innovativ, effizient & nachhaltig.","og_url":"https:\/\/glasbeek.com\/de\/kernaktivitaeten\/","og_site_name":"Glasbeek | Surface Treatment Systems","article_modified_time":"2025-07-09T13:56:39+00:00","og_image":[{"width":743,"height":432,"url":"https:\/\/glasbeek.com\/wp-content\/uploads\/2025\/04\/kernactiviteiten_glasbeek.jpg","type":"image\/jpeg"}],"twitter_card":"summary_large_image","twitter_misc":{"Gesch\u00e4tzte Lesezeit":"2\u00a0Minuten"},"schema":{"@context":"https:\/\/schema.org","@graph":[{"@type":"WebPage","@id":"https:\/\/glasbeek.com\/de\/kernaktivitaeten\/","url":"https:\/\/glasbeek.com\/de\/kernaktivitaeten\/","name":"Kernaktivit\u00e4ten - Glasbeek | Surface Treatment Systems","isPartOf":{"@id":"https:\/\/glasbeek.com\/#website"},"primaryImageOfPage":{"@id":"https:\/\/glasbeek.com\/de\/kernaktivitaeten\/#primaryimage"},"image":{"@id":"https:\/\/glasbeek.com\/de\/kernaktivitaeten\/#primaryimage"},"thumbnailUrl":"https:\/\/glasbeek.com\/wp-content\/uploads\/2025\/04\/kernactiviteiten_glasbeek.jpg","datePublished":"2025-04-24T13:52:11+00:00","dateModified":"2025-07-09T13:56:39+00:00","description":"Glasbeek \u2013 Planung, Bau & Wartung von Anlagen f\u00fcr die Oberfl\u00e4chenbehandlung. Innovativ, effizient & nachhaltig.","breadcrumb":{"@id":"https:\/\/glasbeek.com\/de\/kernaktivitaeten\/#breadcrumb"},"inLanguage":"de","potentialAction":[{"@type":"ReadAction","target":["https:\/\/glasbeek.com\/de\/kernaktivitaeten\/"]}]},{"@type":"ImageObject","inLanguage":"de","@id":"https:\/\/glasbeek.com\/de\/kernaktivitaeten\/#primaryimage","url":"https:\/\/glasbeek.com\/wp-content\/uploads\/2025\/04\/kernactiviteiten_glasbeek.jpg","contentUrl":"https:\/\/glasbeek.com\/wp-content\/uploads\/2025\/04\/kernactiviteiten_glasbeek.jpg","width":743,"height":432,"caption":"Kernactiviteiten Glasbeek"},{"@type":"BreadcrumbList","@id":"https:\/\/glasbeek.com\/de\/kernaktivitaeten\/#breadcrumb","itemListElement":[{"@type":"ListItem","position":1,"name":"Home","item":"https:\/\/glasbeek.com\/de\/home\/"},{"@type":"ListItem","position":2,"name":"Kernaktivit\u00e4ten"}]},{"@type":"WebSite","@id":"https:\/\/glasbeek.com\/#website","url":"https:\/\/glasbeek.com\/","name":"Glasbeek | Surface Treatment Systems","description":"","potentialAction":[{"@type":"SearchAction","target":{"@type":"EntryPoint","urlTemplate":"https:\/\/glasbeek.com\/?s={search_term_string}"},"query-input":{"@type":"PropertyValueSpecification","valueRequired":true,"valueName":"search_term_string"}}],"inLanguage":"de"}]}},"_links":{"self":[{"href":"https:\/\/glasbeek.com\/de\/wp-json\/wp\/v2\/pages\/1201","targetHints":{"allow":["GET"]}}],"collection":[{"href":"https:\/\/glasbeek.com\/de\/wp-json\/wp\/v2\/pages"}],"about":[{"href":"https:\/\/glasbeek.com\/de\/wp-json\/wp\/v2\/types\/page"}],"author":[{"embeddable":true,"href":"https:\/\/glasbeek.com\/de\/wp-json\/wp\/v2\/users\/1"}],"replies":[{"embeddable":true,"href":"https:\/\/glasbeek.com\/de\/wp-json\/wp\/v2\/comments?post=1201"}],"version-history":[{"count":2,"href":"https:\/\/glasbeek.com\/de\/wp-json\/wp\/v2\/pages\/1201\/revisions"}],"predecessor-version":[{"id":1397,"href":"https:\/\/glasbeek.com\/de\/wp-json\/wp\/v2\/pages\/1201\/revisions\/1397"}],"wp:featuredmedia":[{"embeddable":true,"href":"https:\/\/glasbeek.com\/de\/wp-json\/wp\/v2\/media\/1100"}],"wp:attachment":[{"href":"https:\/\/glasbeek.com\/de\/wp-json\/wp\/v2\/media?parent=1201"}],"wp:term":[{"taxonomy":"category","embeddable":true,"href":"https:\/\/glasbeek.com\/de\/wp-json\/wp\/v2\/categories?post=1201"}],"curies":[{"name":"wp","href":"https:\/\/api.w.org\/{rel}","templated":true}]}}