{"id":1203,"date":"2025-04-24T15:55:24","date_gmt":"2025-04-24T13:55:24","guid":{"rendered":"https:\/\/glasbeek.com\/mission-vision\/"},"modified":"2025-07-09T16:03:29","modified_gmt":"2025-07-09T14:03:29","slug":"mission-vision","status":"publish","type":"page","link":"https:\/\/glasbeek.com\/de\/mission-vision\/","title":{"rendered":"Mission &amp; Vision"},"content":{"rendered":"<h3>Vision<\/h3>\n<p>Die Welt der Oberfl\u00e4chenbehandlung entwickelt sich st\u00e4ndig weiter, und wir entwickeln uns mit ihr. Die wachsende Nachfrage nach Materialnachhaltigkeit erfordert innovative und kosteng\u00fcnstige L\u00f6sungen. Umweltaspekte und interne Logistik spielen eine entscheidende Rolle in dieser Entwicklung. Durch intelligente manuelle und automatisierte Systeme der Oberfl\u00e4chenbehandlung k\u00f6nnen wir zu erfolgreicheren Betrieben beitragen. Glasbeek bietet ma\u00dfgeschneiderte L\u00f6sungen, die Prozesse vereinfachen, Arbeitsbedingungen verbessern und die Produktivit\u00e4t steigern, was zu nachhaltigeren und profitableren Ergebnissen f\u00fcr unsere Kunden f\u00fchrt.<\/p>\n","protected":false},"excerpt":{"rendered":"<p>Vision Die Welt der Oberfl\u00e4chenbehandlung entwickelt sich st\u00e4ndig weiter, und wir entwickeln uns mit ihr. Die wachsende Nachfrage nach Materialnachhaltigkeit erfordert innovative und kosteng\u00fcnstige L\u00f6sungen. Umweltaspekte und interne Logistik spielen eine entscheidende Rolle in dieser Entwicklung. Durch intelligente manuelle und automatisierte Systeme der Oberfl\u00e4chenbehandlung k\u00f6nnen wir zu erfolgreicheren Betrieben beitragen. Glasbeek bietet ma\u00dfgeschneiderte L\u00f6sungen, die [&hellip;]<\/p>\n","protected":false},"author":1,"featured_media":837,"parent":0,"menu_order":24,"comment_status":"closed","ping_status":"closed","template":"","meta":{"_acf_changed":false,"footnotes":""},"categories":[20],"class_list":["post-1203","page","type-page","status-publish","has-post-thumbnail","hentry","category-uber"],"acf":[],"yoast_head":"<!-- This site is optimized with the Yoast SEO plugin v27.4 - https:\/\/yoast.com\/product\/yoast-seo-wordpress\/ -->\n<title>Mission &amp; Vision - Glasbeek | Surface Treatment Systems<\/title>\n<meta name=\"description\" content=\"Glasbeek \u2013 F\u00fchrend in nachhaltiger Oberfl\u00e4chenbehandlung mit Fokus auf Innovation, Effizienz &amp; ma\u00dfgeschneiderte Systeme.\" \/>\n<meta name=\"robots\" content=\"index, follow, max-snippet:-1, max-image-preview:large, max-video-preview:-1\" \/>\n<link rel=\"canonical\" href=\"https:\/\/glasbeek.com\/de\/mission-vision\/\" \/>\n<meta property=\"og:locale\" content=\"de_DE\" \/>\n<meta property=\"og:type\" content=\"article\" \/>\n<meta property=\"og:title\" content=\"Mission &amp; Vision - Glasbeek | Surface Treatment Systems\" \/>\n<meta property=\"og:description\" content=\"Glasbeek \u2013 F\u00fchrend in nachhaltiger Oberfl\u00e4chenbehandlung mit Fokus auf Innovation, Effizienz &amp; ma\u00dfgeschneiderte Systeme.\" \/>\n<meta property=\"og:url\" content=\"https:\/\/glasbeek.com\/de\/mission-vision\/\" \/>\n<meta property=\"og:site_name\" content=\"Glasbeek | Surface Treatment Systems\" \/>\n<meta property=\"article:modified_time\" content=\"2025-07-09T14:03:29+00:00\" \/>\n<meta property=\"og:image\" content=\"https:\/\/glasbeek.com\/wp-content\/uploads\/2025\/03\/glasbeek_missie.jpg\" \/>\n\t<meta property=\"og:image:width\" content=\"743\" \/>\n\t<meta property=\"og:image:height\" content=\"432\" \/>\n\t<meta property=\"og:image:type\" content=\"image\/jpeg\" \/>\n<meta name=\"twitter:card\" content=\"summary_large_image\" \/>\n<meta name=\"twitter:label1\" content=\"Gesch\u00e4tzte Lesezeit\" \/>\n\t<meta name=\"twitter:data1\" content=\"1\u00a0Minute\" \/>\n<script type=\"application\/ld+json\" class=\"yoast-schema-graph\">{\"@context\":\"https:\\\/\\\/schema.org\",\"@graph\":[{\"@type\":\"WebPage\",\"@id\":\"https:\\\/\\\/glasbeek.com\\\/de\\\/mission-vision\\\/\",\"url\":\"https:\\\/\\\/glasbeek.com\\\/de\\\/mission-vision\\\/\",\"name\":\"Mission &amp; Vision - Glasbeek | Surface Treatment Systems\",\"isPartOf\":{\"@id\":\"https:\\\/\\\/glasbeek.com\\\/#website\"},\"primaryImageOfPage\":{\"@id\":\"https:\\\/\\\/glasbeek.com\\\/de\\\/mission-vision\\\/#primaryimage\"},\"image\":{\"@id\":\"https:\\\/\\\/glasbeek.com\\\/de\\\/mission-vision\\\/#primaryimage\"},\"thumbnailUrl\":\"https:\\\/\\\/glasbeek.com\\\/wp-content\\\/uploads\\\/2025\\\/03\\\/glasbeek_missie.jpg\",\"datePublished\":\"2025-04-24T13:55:24+00:00\",\"dateModified\":\"2025-07-09T14:03:29+00:00\",\"description\":\"Glasbeek \u2013 F\u00fchrend in nachhaltiger Oberfl\u00e4chenbehandlung mit Fokus auf Innovation, Effizienz & ma\u00dfgeschneiderte Systeme.\",\"breadcrumb\":{\"@id\":\"https:\\\/\\\/glasbeek.com\\\/de\\\/mission-vision\\\/#breadcrumb\"},\"inLanguage\":\"de\",\"potentialAction\":[{\"@type\":\"ReadAction\",\"target\":[\"https:\\\/\\\/glasbeek.com\\\/de\\\/mission-vision\\\/\"]}]},{\"@type\":\"ImageObject\",\"inLanguage\":\"de\",\"@id\":\"https:\\\/\\\/glasbeek.com\\\/de\\\/mission-vision\\\/#primaryimage\",\"url\":\"https:\\\/\\\/glasbeek.com\\\/wp-content\\\/uploads\\\/2025\\\/03\\\/glasbeek_missie.jpg\",\"contentUrl\":\"https:\\\/\\\/glasbeek.com\\\/wp-content\\\/uploads\\\/2025\\\/03\\\/glasbeek_missie.jpg\",\"width\":743,\"height\":432,\"caption\":\"Glasbeek missie\"},{\"@type\":\"BreadcrumbList\",\"@id\":\"https:\\\/\\\/glasbeek.com\\\/de\\\/mission-vision\\\/#breadcrumb\",\"itemListElement\":[{\"@type\":\"ListItem\",\"position\":1,\"name\":\"Home\",\"item\":\"https:\\\/\\\/glasbeek.com\\\/de\\\/home\\\/\"},{\"@type\":\"ListItem\",\"position\":2,\"name\":\"Mission &amp; Vision\"}]},{\"@type\":\"WebSite\",\"@id\":\"https:\\\/\\\/glasbeek.com\\\/#website\",\"url\":\"https:\\\/\\\/glasbeek.com\\\/\",\"name\":\"Glasbeek | Surface Treatment Systems\",\"description\":\"\",\"potentialAction\":[{\"@type\":\"SearchAction\",\"target\":{\"@type\":\"EntryPoint\",\"urlTemplate\":\"https:\\\/\\\/glasbeek.com\\\/?s={search_term_string}\"},\"query-input\":{\"@type\":\"PropertyValueSpecification\",\"valueRequired\":true,\"valueName\":\"search_term_string\"}}],\"inLanguage\":\"de\"}]}<\/script>\n<!-- \/ Yoast SEO plugin. -->","yoast_head_json":{"title":"Mission &amp; Vision - Glasbeek | Surface Treatment Systems","description":"Glasbeek \u2013 F\u00fchrend in nachhaltiger Oberfl\u00e4chenbehandlung mit Fokus auf Innovation, Effizienz & ma\u00dfgeschneiderte Systeme.","robots":{"index":"index","follow":"follow","max-snippet":"max-snippet:-1","max-image-preview":"max-image-preview:large","max-video-preview":"max-video-preview:-1"},"canonical":"https:\/\/glasbeek.com\/de\/mission-vision\/","og_locale":"de_DE","og_type":"article","og_title":"Mission &amp; Vision - Glasbeek | Surface Treatment Systems","og_description":"Glasbeek \u2013 F\u00fchrend in nachhaltiger Oberfl\u00e4chenbehandlung mit Fokus auf Innovation, Effizienz & ma\u00dfgeschneiderte Systeme.","og_url":"https:\/\/glasbeek.com\/de\/mission-vision\/","og_site_name":"Glasbeek | Surface Treatment Systems","article_modified_time":"2025-07-09T14:03:29+00:00","og_image":[{"width":743,"height":432,"url":"https:\/\/glasbeek.com\/wp-content\/uploads\/2025\/03\/glasbeek_missie.jpg","type":"image\/jpeg"}],"twitter_card":"summary_large_image","twitter_misc":{"Gesch\u00e4tzte Lesezeit":"1\u00a0Minute"},"schema":{"@context":"https:\/\/schema.org","@graph":[{"@type":"WebPage","@id":"https:\/\/glasbeek.com\/de\/mission-vision\/","url":"https:\/\/glasbeek.com\/de\/mission-vision\/","name":"Mission &amp; Vision - Glasbeek | Surface Treatment Systems","isPartOf":{"@id":"https:\/\/glasbeek.com\/#website"},"primaryImageOfPage":{"@id":"https:\/\/glasbeek.com\/de\/mission-vision\/#primaryimage"},"image":{"@id":"https:\/\/glasbeek.com\/de\/mission-vision\/#primaryimage"},"thumbnailUrl":"https:\/\/glasbeek.com\/wp-content\/uploads\/2025\/03\/glasbeek_missie.jpg","datePublished":"2025-04-24T13:55:24+00:00","dateModified":"2025-07-09T14:03:29+00:00","description":"Glasbeek \u2013 F\u00fchrend in nachhaltiger Oberfl\u00e4chenbehandlung mit Fokus auf Innovation, Effizienz & ma\u00dfgeschneiderte Systeme.","breadcrumb":{"@id":"https:\/\/glasbeek.com\/de\/mission-vision\/#breadcrumb"},"inLanguage":"de","potentialAction":[{"@type":"ReadAction","target":["https:\/\/glasbeek.com\/de\/mission-vision\/"]}]},{"@type":"ImageObject","inLanguage":"de","@id":"https:\/\/glasbeek.com\/de\/mission-vision\/#primaryimage","url":"https:\/\/glasbeek.com\/wp-content\/uploads\/2025\/03\/glasbeek_missie.jpg","contentUrl":"https:\/\/glasbeek.com\/wp-content\/uploads\/2025\/03\/glasbeek_missie.jpg","width":743,"height":432,"caption":"Glasbeek missie"},{"@type":"BreadcrumbList","@id":"https:\/\/glasbeek.com\/de\/mission-vision\/#breadcrumb","itemListElement":[{"@type":"ListItem","position":1,"name":"Home","item":"https:\/\/glasbeek.com\/de\/home\/"},{"@type":"ListItem","position":2,"name":"Mission &amp; Vision"}]},{"@type":"WebSite","@id":"https:\/\/glasbeek.com\/#website","url":"https:\/\/glasbeek.com\/","name":"Glasbeek | Surface Treatment Systems","description":"","potentialAction":[{"@type":"SearchAction","target":{"@type":"EntryPoint","urlTemplate":"https:\/\/glasbeek.com\/?s={search_term_string}"},"query-input":{"@type":"PropertyValueSpecification","valueRequired":true,"valueName":"search_term_string"}}],"inLanguage":"de"}]}},"_links":{"self":[{"href":"https:\/\/glasbeek.com\/de\/wp-json\/wp\/v2\/pages\/1203","targetHints":{"allow":["GET"]}}],"collection":[{"href":"https:\/\/glasbeek.com\/de\/wp-json\/wp\/v2\/pages"}],"about":[{"href":"https:\/\/glasbeek.com\/de\/wp-json\/wp\/v2\/types\/page"}],"author":[{"embeddable":true,"href":"https:\/\/glasbeek.com\/de\/wp-json\/wp\/v2\/users\/1"}],"replies":[{"embeddable":true,"href":"https:\/\/glasbeek.com\/de\/wp-json\/wp\/v2\/comments?post=1203"}],"version-history":[{"count":1,"href":"https:\/\/glasbeek.com\/de\/wp-json\/wp\/v2\/pages\/1203\/revisions"}],"predecessor-version":[{"id":1366,"href":"https:\/\/glasbeek.com\/de\/wp-json\/wp\/v2\/pages\/1203\/revisions\/1366"}],"wp:featuredmedia":[{"embeddable":true,"href":"https:\/\/glasbeek.com\/de\/wp-json\/wp\/v2\/media\/837"}],"wp:attachment":[{"href":"https:\/\/glasbeek.com\/de\/wp-json\/wp\/v2\/media?parent=1203"}],"wp:term":[{"taxonomy":"category","embeddable":true,"href":"https:\/\/glasbeek.com\/de\/wp-json\/wp\/v2\/categories?post=1203"}],"curies":[{"name":"wp","href":"https:\/\/api.w.org\/{rel}","templated":true}]}}