{"id":1204,"date":"2025-04-24T16:03:41","date_gmt":"2025-04-24T14:03:41","guid":{"rendered":"https:\/\/glasbeek.com\/karriere-bei\/"},"modified":"2025-07-09T16:08:24","modified_gmt":"2025-07-09T14:08:24","slug":"karriere-bei","status":"publish","type":"page","link":"https:\/\/glasbeek.com\/de\/karriere-bei\/","title":{"rendered":"Karriere bei"},"content":{"rendered":"<p>Wir suchen motivierte und talentierte Fachkr\u00e4fte, die Interesse an der Oberfl\u00e4chenbehandlungsindustrie haben. Wir suchen Teamplayer, die anpacken und gemeinsam mit uns das beste Ergebnis anstreben. Bei Glasbeek arbeitest du in einem dynamischen, internationalen Unternehmen mit einer informellen Atmosph\u00e4re und viel Raum f\u00fcr pers\u00f6nliche Entwicklung.<\/p>\n<p>Hast du kommerzielle oder technische Erfahrung im Maschinenbau oder in der Vorbehandlungs- und Pulverbeschichtungsindustrie? Sende deinen Lebenslauf an Herrn Alex Leusink \u00fcber <a href=\"mailto:a.leusink@glasbeek.com\">a.leusink@glasbeek.com<\/a>.<\/p>\n","protected":false},"excerpt":{"rendered":"<p>Wir suchen motivierte und talentierte Fachkr\u00e4fte, die Interesse an der Oberfl\u00e4chenbehandlungsindustrie haben. Wir suchen Teamplayer, die anpacken und gemeinsam mit uns das beste Ergebnis anstreben. Bei Glasbeek arbeitest du in einem dynamischen, internationalen Unternehmen mit einer informellen Atmosph\u00e4re und viel Raum f\u00fcr pers\u00f6nliche Entwicklung. Hast du kommerzielle oder technische Erfahrung im Maschinenbau oder in der [&hellip;]<\/p>\n","protected":false},"author":1,"featured_media":846,"parent":0,"menu_order":26,"comment_status":"closed","ping_status":"closed","template":"","meta":{"_acf_changed":false,"footnotes":""},"categories":[20],"class_list":["post-1204","page","type-page","status-publish","has-post-thumbnail","hentry","category-uber"],"acf":[],"yoast_head":"<!-- This site is optimized with the Yoast SEO plugin v27.4 - https:\/\/yoast.com\/product\/yoast-seo-wordpress\/ -->\n<title>Karriere bei - Glasbeek | Surface Treatment Systems<\/title>\n<meta name=\"description\" content=\"Karriere bei Glasbeek: Arbeiten in einem innovativen Team mit Fokus auf Technik, Wachstum &amp; nachhaltige L\u00f6sungen.\" \/>\n<meta name=\"robots\" content=\"index, follow, max-snippet:-1, max-image-preview:large, max-video-preview:-1\" \/>\n<link rel=\"canonical\" href=\"https:\/\/glasbeek.com\/de\/karriere-bei\/\" \/>\n<meta property=\"og:locale\" content=\"de_DE\" \/>\n<meta property=\"og:type\" content=\"article\" \/>\n<meta property=\"og:title\" content=\"Karriere bei - Glasbeek | Surface Treatment Systems\" \/>\n<meta property=\"og:description\" content=\"Karriere bei Glasbeek: Arbeiten in einem innovativen Team mit Fokus auf Technik, Wachstum &amp; nachhaltige L\u00f6sungen.\" \/>\n<meta property=\"og:url\" content=\"https:\/\/glasbeek.com\/de\/karriere-bei\/\" \/>\n<meta property=\"og:site_name\" content=\"Glasbeek | Surface Treatment Systems\" \/>\n<meta property=\"article:modified_time\" content=\"2025-07-09T14:08:24+00:00\" \/>\n<meta property=\"og:image\" content=\"https:\/\/glasbeek.com\/wp-content\/uploads\/2025\/03\/glasbeek_werkenbij.jpg\" \/>\n\t<meta property=\"og:image:width\" content=\"743\" \/>\n\t<meta property=\"og:image:height\" content=\"432\" \/>\n\t<meta property=\"og:image:type\" content=\"image\/jpeg\" \/>\n<meta name=\"twitter:card\" content=\"summary_large_image\" \/>\n<meta name=\"twitter:label1\" content=\"Gesch\u00e4tzte Lesezeit\" \/>\n\t<meta name=\"twitter:data1\" content=\"1\u00a0Minute\" \/>\n<script type=\"application\/ld+json\" class=\"yoast-schema-graph\">{\"@context\":\"https:\\\/\\\/schema.org\",\"@graph\":[{\"@type\":\"WebPage\",\"@id\":\"https:\\\/\\\/glasbeek.com\\\/de\\\/karriere-bei\\\/\",\"url\":\"https:\\\/\\\/glasbeek.com\\\/de\\\/karriere-bei\\\/\",\"name\":\"Karriere bei - Glasbeek | Surface Treatment Systems\",\"isPartOf\":{\"@id\":\"https:\\\/\\\/glasbeek.com\\\/#website\"},\"primaryImageOfPage\":{\"@id\":\"https:\\\/\\\/glasbeek.com\\\/de\\\/karriere-bei\\\/#primaryimage\"},\"image\":{\"@id\":\"https:\\\/\\\/glasbeek.com\\\/de\\\/karriere-bei\\\/#primaryimage\"},\"thumbnailUrl\":\"https:\\\/\\\/glasbeek.com\\\/wp-content\\\/uploads\\\/2025\\\/03\\\/glasbeek_werkenbij.jpg\",\"datePublished\":\"2025-04-24T14:03:41+00:00\",\"dateModified\":\"2025-07-09T14:08:24+00:00\",\"description\":\"Karriere bei Glasbeek: Arbeiten in einem innovativen Team mit Fokus auf Technik, Wachstum & nachhaltige L\u00f6sungen.\",\"breadcrumb\":{\"@id\":\"https:\\\/\\\/glasbeek.com\\\/de\\\/karriere-bei\\\/#breadcrumb\"},\"inLanguage\":\"de\",\"potentialAction\":[{\"@type\":\"ReadAction\",\"target\":[\"https:\\\/\\\/glasbeek.com\\\/de\\\/karriere-bei\\\/\"]}]},{\"@type\":\"ImageObject\",\"inLanguage\":\"de\",\"@id\":\"https:\\\/\\\/glasbeek.com\\\/de\\\/karriere-bei\\\/#primaryimage\",\"url\":\"https:\\\/\\\/glasbeek.com\\\/wp-content\\\/uploads\\\/2025\\\/03\\\/glasbeek_werkenbij.jpg\",\"contentUrl\":\"https:\\\/\\\/glasbeek.com\\\/wp-content\\\/uploads\\\/2025\\\/03\\\/glasbeek_werkenbij.jpg\",\"width\":743,\"height\":432,\"caption\":\"Werken bij Glasbeek\"},{\"@type\":\"BreadcrumbList\",\"@id\":\"https:\\\/\\\/glasbeek.com\\\/de\\\/karriere-bei\\\/#breadcrumb\",\"itemListElement\":[{\"@type\":\"ListItem\",\"position\":1,\"name\":\"Home\",\"item\":\"https:\\\/\\\/glasbeek.com\\\/de\\\/home\\\/\"},{\"@type\":\"ListItem\",\"position\":2,\"name\":\"Karriere bei\"}]},{\"@type\":\"WebSite\",\"@id\":\"https:\\\/\\\/glasbeek.com\\\/#website\",\"url\":\"https:\\\/\\\/glasbeek.com\\\/\",\"name\":\"Glasbeek | Surface Treatment Systems\",\"description\":\"\",\"potentialAction\":[{\"@type\":\"SearchAction\",\"target\":{\"@type\":\"EntryPoint\",\"urlTemplate\":\"https:\\\/\\\/glasbeek.com\\\/?s={search_term_string}\"},\"query-input\":{\"@type\":\"PropertyValueSpecification\",\"valueRequired\":true,\"valueName\":\"search_term_string\"}}],\"inLanguage\":\"de\"}]}<\/script>\n<!-- \/ Yoast SEO plugin. -->","yoast_head_json":{"title":"Karriere bei - Glasbeek | Surface Treatment Systems","description":"Karriere bei Glasbeek: Arbeiten in einem innovativen Team mit Fokus auf Technik, Wachstum & nachhaltige L\u00f6sungen.","robots":{"index":"index","follow":"follow","max-snippet":"max-snippet:-1","max-image-preview":"max-image-preview:large","max-video-preview":"max-video-preview:-1"},"canonical":"https:\/\/glasbeek.com\/de\/karriere-bei\/","og_locale":"de_DE","og_type":"article","og_title":"Karriere bei - Glasbeek | Surface Treatment Systems","og_description":"Karriere bei Glasbeek: Arbeiten in einem innovativen Team mit Fokus auf Technik, Wachstum & nachhaltige L\u00f6sungen.","og_url":"https:\/\/glasbeek.com\/de\/karriere-bei\/","og_site_name":"Glasbeek | Surface Treatment Systems","article_modified_time":"2025-07-09T14:08:24+00:00","og_image":[{"width":743,"height":432,"url":"https:\/\/glasbeek.com\/wp-content\/uploads\/2025\/03\/glasbeek_werkenbij.jpg","type":"image\/jpeg"}],"twitter_card":"summary_large_image","twitter_misc":{"Gesch\u00e4tzte Lesezeit":"1\u00a0Minute"},"schema":{"@context":"https:\/\/schema.org","@graph":[{"@type":"WebPage","@id":"https:\/\/glasbeek.com\/de\/karriere-bei\/","url":"https:\/\/glasbeek.com\/de\/karriere-bei\/","name":"Karriere bei - Glasbeek | Surface Treatment Systems","isPartOf":{"@id":"https:\/\/glasbeek.com\/#website"},"primaryImageOfPage":{"@id":"https:\/\/glasbeek.com\/de\/karriere-bei\/#primaryimage"},"image":{"@id":"https:\/\/glasbeek.com\/de\/karriere-bei\/#primaryimage"},"thumbnailUrl":"https:\/\/glasbeek.com\/wp-content\/uploads\/2025\/03\/glasbeek_werkenbij.jpg","datePublished":"2025-04-24T14:03:41+00:00","dateModified":"2025-07-09T14:08:24+00:00","description":"Karriere bei Glasbeek: Arbeiten in einem innovativen Team mit Fokus auf Technik, Wachstum & nachhaltige L\u00f6sungen.","breadcrumb":{"@id":"https:\/\/glasbeek.com\/de\/karriere-bei\/#breadcrumb"},"inLanguage":"de","potentialAction":[{"@type":"ReadAction","target":["https:\/\/glasbeek.com\/de\/karriere-bei\/"]}]},{"@type":"ImageObject","inLanguage":"de","@id":"https:\/\/glasbeek.com\/de\/karriere-bei\/#primaryimage","url":"https:\/\/glasbeek.com\/wp-content\/uploads\/2025\/03\/glasbeek_werkenbij.jpg","contentUrl":"https:\/\/glasbeek.com\/wp-content\/uploads\/2025\/03\/glasbeek_werkenbij.jpg","width":743,"height":432,"caption":"Werken bij Glasbeek"},{"@type":"BreadcrumbList","@id":"https:\/\/glasbeek.com\/de\/karriere-bei\/#breadcrumb","itemListElement":[{"@type":"ListItem","position":1,"name":"Home","item":"https:\/\/glasbeek.com\/de\/home\/"},{"@type":"ListItem","position":2,"name":"Karriere bei"}]},{"@type":"WebSite","@id":"https:\/\/glasbeek.com\/#website","url":"https:\/\/glasbeek.com\/","name":"Glasbeek | Surface Treatment Systems","description":"","potentialAction":[{"@type":"SearchAction","target":{"@type":"EntryPoint","urlTemplate":"https:\/\/glasbeek.com\/?s={search_term_string}"},"query-input":{"@type":"PropertyValueSpecification","valueRequired":true,"valueName":"search_term_string"}}],"inLanguage":"de"}]}},"_links":{"self":[{"href":"https:\/\/glasbeek.com\/de\/wp-json\/wp\/v2\/pages\/1204","targetHints":{"allow":["GET"]}}],"collection":[{"href":"https:\/\/glasbeek.com\/de\/wp-json\/wp\/v2\/pages"}],"about":[{"href":"https:\/\/glasbeek.com\/de\/wp-json\/wp\/v2\/types\/page"}],"author":[{"embeddable":true,"href":"https:\/\/glasbeek.com\/de\/wp-json\/wp\/v2\/users\/1"}],"replies":[{"embeddable":true,"href":"https:\/\/glasbeek.com\/de\/wp-json\/wp\/v2\/comments?post=1204"}],"version-history":[{"count":2,"href":"https:\/\/glasbeek.com\/de\/wp-json\/wp\/v2\/pages\/1204\/revisions"}],"predecessor-version":[{"id":1398,"href":"https:\/\/glasbeek.com\/de\/wp-json\/wp\/v2\/pages\/1204\/revisions\/1398"}],"wp:featuredmedia":[{"embeddable":true,"href":"https:\/\/glasbeek.com\/de\/wp-json\/wp\/v2\/media\/846"}],"wp:attachment":[{"href":"https:\/\/glasbeek.com\/de\/wp-json\/wp\/v2\/media?parent=1204"}],"wp:term":[{"taxonomy":"category","embeddable":true,"href":"https:\/\/glasbeek.com\/de\/wp-json\/wp\/v2\/categories?post=1204"}],"curies":[{"name":"wp","href":"https:\/\/api.w.org\/{rel}","templated":true}]}}