{"id":1206,"date":"2025-04-24T16:33:59","date_gmt":"2025-04-24T14:33:59","guid":{"rendered":"https:\/\/glasbeek.com\/service\/"},"modified":"2025-07-09T15:23:23","modified_gmt":"2025-07-09T13:23:23","slug":"service","status":"publish","type":"page","link":"https:\/\/glasbeek.com\/de\/service\/","title":{"rendered":"Service"},"content":{"rendered":"<h3>Ersatzteile und Wartung<\/h3>\n<p>Unsere Abteilung Service &amp; After-Sales bietet erstklassige Wartungsdienste und Originalteile. Dank unseres umfangreichen Ersatzteillagers k\u00f6nnen wir eine schnelle Lieferung gew\u00e4hrleisten, Ausfallzeiten minimieren und sicherstellen, dass Ihre Anlagen ohne unn\u00f6tige Unterbrechungen weiterlaufen.<\/p>\n<h3>Wartungsvertr\u00e4ge<\/h3>\n<p>Wir bieten die M\u00f6glichkeit, einen Wartungsvertrag abzuschlie\u00dfen, den immer mehr Kunden in Anspruch nehmen. Mit einem Wartungsvertrag wird Ihre Anlage regelm\u00e4\u00dfig von einem Servicetechniker zu vereinbarten Zeiten inspiziert. Sie erhalten detaillierte Berichte mit Empfehlungen, um die Zuverl\u00e4ssigkeit und die optimale Leistung Ihrer Systeme zu gew\u00e4hrleisten.<\/p>\n<h3>M\u00f6chten Sie mehr erfahren?<\/h3>\n<p>Interessiert an unseren Dienstleistungen? Kontaktieren Sie uns gerne unter <a href=\"mailto:service@glasbeek.com\">service@glasbeek.com<\/a>.<\/p>\n","protected":false},"excerpt":{"rendered":"<p>Ersatzteile und Wartung Unsere Abteilung Service &amp; After-Sales bietet erstklassige Wartungsdienste und Originalteile. Dank unseres umfangreichen Ersatzteillagers k\u00f6nnen wir eine schnelle Lieferung gew\u00e4hrleisten, Ausfallzeiten minimieren und sicherstellen, dass Ihre Anlagen ohne unn\u00f6tige Unterbrechungen weiterlaufen. Wartungsvertr\u00e4ge Wir bieten die M\u00f6glichkeit, einen Wartungsvertrag abzuschlie\u00dfen, den immer mehr Kunden in Anspruch nehmen. Mit einem Wartungsvertrag wird Ihre Anlage [&hellip;]<\/p>\n","protected":false},"author":1,"featured_media":1154,"parent":0,"menu_order":14,"comment_status":"closed","ping_status":"closed","template":"","meta":{"_acf_changed":false,"footnotes":""},"categories":[21],"class_list":["post-1206","page","type-page","status-publish","has-post-thumbnail","hentry","category-installationen"],"acf":[],"yoast_head":"<!-- This site is optimized with the Yoast SEO plugin v27.4 - https:\/\/yoast.com\/product\/yoast-seo-wordpress\/ -->\n<title>Service - Glasbeek | Surface Treatment Systems<\/title>\n<meta name=\"description\" content=\"24\/7 Service, Wartung &amp; Ersatzteile f\u00fcr Glasbeek-Anlagen. Schnell, zuverl\u00e4ssig &amp; mit Vertrag maximal abgesichert.\" \/>\n<meta name=\"robots\" content=\"index, follow, max-snippet:-1, max-image-preview:large, max-video-preview:-1\" \/>\n<link rel=\"canonical\" href=\"https:\/\/glasbeek.com\/de\/service\/\" \/>\n<meta property=\"og:locale\" content=\"de_DE\" \/>\n<meta property=\"og:type\" content=\"article\" \/>\n<meta property=\"og:title\" content=\"Service - Glasbeek | Surface Treatment Systems\" \/>\n<meta property=\"og:description\" content=\"24\/7 Service, Wartung &amp; Ersatzteile f\u00fcr Glasbeek-Anlagen. Schnell, zuverl\u00e4ssig &amp; mit Vertrag maximal abgesichert.\" \/>\n<meta property=\"og:url\" content=\"https:\/\/glasbeek.com\/de\/service\/\" \/>\n<meta property=\"og:site_name\" content=\"Glasbeek | Surface Treatment Systems\" \/>\n<meta property=\"article:modified_time\" content=\"2025-07-09T13:23:23+00:00\" \/>\n<meta property=\"og:image\" content=\"https:\/\/glasbeek.com\/wp-content\/uploads\/2025\/04\/glasbeek_service_factory.jpg\" \/>\n\t<meta property=\"og:image:width\" content=\"743\" \/>\n\t<meta property=\"og:image:height\" content=\"432\" \/>\n\t<meta property=\"og:image:type\" content=\"image\/jpeg\" \/>\n<meta name=\"twitter:card\" content=\"summary_large_image\" \/>\n<meta name=\"twitter:label1\" content=\"Gesch\u00e4tzte Lesezeit\" \/>\n\t<meta name=\"twitter:data1\" content=\"1\u00a0Minute\" \/>\n<script type=\"application\/ld+json\" class=\"yoast-schema-graph\">{\"@context\":\"https:\\\/\\\/schema.org\",\"@graph\":[{\"@type\":\"WebPage\",\"@id\":\"https:\\\/\\\/glasbeek.com\\\/de\\\/service\\\/\",\"url\":\"https:\\\/\\\/glasbeek.com\\\/de\\\/service\\\/\",\"name\":\"Service - Glasbeek | Surface Treatment Systems\",\"isPartOf\":{\"@id\":\"https:\\\/\\\/glasbeek.com\\\/#website\"},\"primaryImageOfPage\":{\"@id\":\"https:\\\/\\\/glasbeek.com\\\/de\\\/service\\\/#primaryimage\"},\"image\":{\"@id\":\"https:\\\/\\\/glasbeek.com\\\/de\\\/service\\\/#primaryimage\"},\"thumbnailUrl\":\"https:\\\/\\\/glasbeek.com\\\/wp-content\\\/uploads\\\/2025\\\/04\\\/glasbeek_service_factory.jpg\",\"datePublished\":\"2025-04-24T14:33:59+00:00\",\"dateModified\":\"2025-07-09T13:23:23+00:00\",\"description\":\"24\\\/7 Service, Wartung & Ersatzteile f\u00fcr Glasbeek-Anlagen. Schnell, zuverl\u00e4ssig & mit Vertrag maximal abgesichert.\",\"breadcrumb\":{\"@id\":\"https:\\\/\\\/glasbeek.com\\\/de\\\/service\\\/#breadcrumb\"},\"inLanguage\":\"de\",\"potentialAction\":[{\"@type\":\"ReadAction\",\"target\":[\"https:\\\/\\\/glasbeek.com\\\/de\\\/service\\\/\"]}]},{\"@type\":\"ImageObject\",\"inLanguage\":\"de\",\"@id\":\"https:\\\/\\\/glasbeek.com\\\/de\\\/service\\\/#primaryimage\",\"url\":\"https:\\\/\\\/glasbeek.com\\\/wp-content\\\/uploads\\\/2025\\\/04\\\/glasbeek_service_factory.jpg\",\"contentUrl\":\"https:\\\/\\\/glasbeek.com\\\/wp-content\\\/uploads\\\/2025\\\/04\\\/glasbeek_service_factory.jpg\",\"width\":743,\"height\":432,\"caption\":\"Professional worker of modern factory using laptop controlling program to automatic machinery. Engineering with laptop Programmable Logic Controller to manage large machine working full automatic.\"},{\"@type\":\"BreadcrumbList\",\"@id\":\"https:\\\/\\\/glasbeek.com\\\/de\\\/service\\\/#breadcrumb\",\"itemListElement\":[{\"@type\":\"ListItem\",\"position\":1,\"name\":\"Home\",\"item\":\"https:\\\/\\\/glasbeek.com\\\/de\\\/home\\\/\"},{\"@type\":\"ListItem\",\"position\":2,\"name\":\"Service\"}]},{\"@type\":\"WebSite\",\"@id\":\"https:\\\/\\\/glasbeek.com\\\/#website\",\"url\":\"https:\\\/\\\/glasbeek.com\\\/\",\"name\":\"Glasbeek | Surface Treatment Systems\",\"description\":\"\",\"potentialAction\":[{\"@type\":\"SearchAction\",\"target\":{\"@type\":\"EntryPoint\",\"urlTemplate\":\"https:\\\/\\\/glasbeek.com\\\/?s={search_term_string}\"},\"query-input\":{\"@type\":\"PropertyValueSpecification\",\"valueRequired\":true,\"valueName\":\"search_term_string\"}}],\"inLanguage\":\"de\"}]}<\/script>\n<!-- \/ Yoast SEO plugin. -->","yoast_head_json":{"title":"Service - Glasbeek | Surface Treatment Systems","description":"24\/7 Service, Wartung & Ersatzteile f\u00fcr Glasbeek-Anlagen. Schnell, zuverl\u00e4ssig & mit Vertrag maximal abgesichert.","robots":{"index":"index","follow":"follow","max-snippet":"max-snippet:-1","max-image-preview":"max-image-preview:large","max-video-preview":"max-video-preview:-1"},"canonical":"https:\/\/glasbeek.com\/de\/service\/","og_locale":"de_DE","og_type":"article","og_title":"Service - Glasbeek | Surface Treatment Systems","og_description":"24\/7 Service, Wartung & Ersatzteile f\u00fcr Glasbeek-Anlagen. Schnell, zuverl\u00e4ssig & mit Vertrag maximal abgesichert.","og_url":"https:\/\/glasbeek.com\/de\/service\/","og_site_name":"Glasbeek | Surface Treatment Systems","article_modified_time":"2025-07-09T13:23:23+00:00","og_image":[{"width":743,"height":432,"url":"https:\/\/glasbeek.com\/wp-content\/uploads\/2025\/04\/glasbeek_service_factory.jpg","type":"image\/jpeg"}],"twitter_card":"summary_large_image","twitter_misc":{"Gesch\u00e4tzte Lesezeit":"1\u00a0Minute"},"schema":{"@context":"https:\/\/schema.org","@graph":[{"@type":"WebPage","@id":"https:\/\/glasbeek.com\/de\/service\/","url":"https:\/\/glasbeek.com\/de\/service\/","name":"Service - Glasbeek | Surface Treatment Systems","isPartOf":{"@id":"https:\/\/glasbeek.com\/#website"},"primaryImageOfPage":{"@id":"https:\/\/glasbeek.com\/de\/service\/#primaryimage"},"image":{"@id":"https:\/\/glasbeek.com\/de\/service\/#primaryimage"},"thumbnailUrl":"https:\/\/glasbeek.com\/wp-content\/uploads\/2025\/04\/glasbeek_service_factory.jpg","datePublished":"2025-04-24T14:33:59+00:00","dateModified":"2025-07-09T13:23:23+00:00","description":"24\/7 Service, Wartung & Ersatzteile f\u00fcr Glasbeek-Anlagen. Schnell, zuverl\u00e4ssig & mit Vertrag maximal abgesichert.","breadcrumb":{"@id":"https:\/\/glasbeek.com\/de\/service\/#breadcrumb"},"inLanguage":"de","potentialAction":[{"@type":"ReadAction","target":["https:\/\/glasbeek.com\/de\/service\/"]}]},{"@type":"ImageObject","inLanguage":"de","@id":"https:\/\/glasbeek.com\/de\/service\/#primaryimage","url":"https:\/\/glasbeek.com\/wp-content\/uploads\/2025\/04\/glasbeek_service_factory.jpg","contentUrl":"https:\/\/glasbeek.com\/wp-content\/uploads\/2025\/04\/glasbeek_service_factory.jpg","width":743,"height":432,"caption":"Professional worker of modern factory using laptop controlling program to automatic machinery. Engineering with laptop Programmable Logic Controller to manage large machine working full automatic."},{"@type":"BreadcrumbList","@id":"https:\/\/glasbeek.com\/de\/service\/#breadcrumb","itemListElement":[{"@type":"ListItem","position":1,"name":"Home","item":"https:\/\/glasbeek.com\/de\/home\/"},{"@type":"ListItem","position":2,"name":"Service"}]},{"@type":"WebSite","@id":"https:\/\/glasbeek.com\/#website","url":"https:\/\/glasbeek.com\/","name":"Glasbeek | Surface Treatment Systems","description":"","potentialAction":[{"@type":"SearchAction","target":{"@type":"EntryPoint","urlTemplate":"https:\/\/glasbeek.com\/?s={search_term_string}"},"query-input":{"@type":"PropertyValueSpecification","valueRequired":true,"valueName":"search_term_string"}}],"inLanguage":"de"}]}},"_links":{"self":[{"href":"https:\/\/glasbeek.com\/de\/wp-json\/wp\/v2\/pages\/1206","targetHints":{"allow":["GET"]}}],"collection":[{"href":"https:\/\/glasbeek.com\/de\/wp-json\/wp\/v2\/pages"}],"about":[{"href":"https:\/\/glasbeek.com\/de\/wp-json\/wp\/v2\/types\/page"}],"author":[{"embeddable":true,"href":"https:\/\/glasbeek.com\/de\/wp-json\/wp\/v2\/users\/1"}],"replies":[{"embeddable":true,"href":"https:\/\/glasbeek.com\/de\/wp-json\/wp\/v2\/comments?post=1206"}],"version-history":[{"count":2,"href":"https:\/\/glasbeek.com\/de\/wp-json\/wp\/v2\/pages\/1206\/revisions"}],"predecessor-version":[{"id":1395,"href":"https:\/\/glasbeek.com\/de\/wp-json\/wp\/v2\/pages\/1206\/revisions\/1395"}],"wp:featuredmedia":[{"embeddable":true,"href":"https:\/\/glasbeek.com\/de\/wp-json\/wp\/v2\/media\/1154"}],"wp:attachment":[{"href":"https:\/\/glasbeek.com\/de\/wp-json\/wp\/v2\/media?parent=1206"}],"wp:term":[{"taxonomy":"category","embeddable":true,"href":"https:\/\/glasbeek.com\/de\/wp-json\/wp\/v2\/categories?post=1206"}],"curies":[{"name":"wp","href":"https:\/\/api.w.org\/{rel}","templated":true}]}}