{"id":1207,"date":"2025-04-24T16:52:33","date_gmt":"2025-04-24T14:52:33","guid":{"rendered":"https:\/\/glasbeek.com\/glasbeek-anlagen\/"},"modified":"2025-07-09T14:54:13","modified_gmt":"2025-07-09T12:54:13","slug":"glasbeek-anlagen","status":"publish","type":"page","link":"https:\/\/glasbeek.com\/de\/glasbeek-anlagen\/","title":{"rendered":"-Anlagen"},"content":{"rendered":"<h3>Glasbeek: Nachhaltigkeit auf viele Arten<\/h3>\n<h3>Nachhaltige W\u00e4rmequelle<\/h3>\n<p>Abw\u00e4rme aus Kompressoren, W\u00e4rmetauschern und beheizten Produkttransferzonen wird einfach wiederverwendet. Diese W\u00e4rme kann in unsere Anlagenteile integriert oder zur Beheizung Ihres Unternehmensgeb\u00e4udes genutzt werden. Dies tr\u00e4gt signifikant zur Reduzierung Ihres Energieverbrauchs bei.<\/p>\n<h3>Elektrische Heizung<\/h3>\n<p>Alle Ofentypen k\u00f6nnen mit einem umweltfreundlichen Solid-State-Elektroheizsystem ausgestattet werden, das die Nutzung erneuerbarer Energiequellen wie Solar- und\/oder Windenergie erm\u00f6glicht, wobei bei Bedarf Unterst\u00fctzung aus dem Stromnetz erfolgt.<\/p>\n<h3>Hybridheizung<\/h3>\n<p>Unsere \u00d6fen k\u00f6nnen mit einem hybriden Heizsystem ausgestattet werden. Dies kombiniert elektrische Heizung mit Gas, \u00d6l oder LPG, was Flexibilit\u00e4t und Effizienz bietet.<\/p>\n<h3>Wasserstoff<\/h3>\n<p>Unsere leistungsstarken Gasbrenner k\u00f6nnen Wasserstoff beigemischt werden, und alle unsere hybriden und gasbefeuerten \u00d6fen lassen sich problemlos auf 100% Wasserstoffbetrieb umr\u00fcsten.<\/p>\n<h3>WTI &#8211; Abgasw\u00e4rmetauscher<\/h3>\n<p>Abgasw\u00e4rmetauscher bieten eine effiziente M\u00f6glichkeit, die Energieeffizienz zu erh\u00f6hen. Sie nutzen die W\u00e4rme aus Abgasen, die normalerweise durch den Schornstein entweichen, und \u00fcbertragen diese an Wasser in einer separaten Heizgruppe.<\/p>\n<h3>Hohe Energieeffizienz<\/h3>\n<p>Unsere innovativ entwickelten W\u00e4rmetauscher aus Chrom-Nickel-Stahl und Edelstahl bieten eine hohe Leistung. Durch eine gro\u00dfe Heizfl\u00e4che wird die erzeugte W\u00e4rme optimal an die zirkulierende Luft abgegeben.<\/p>\n<h3>Kombiofensystem<\/h3>\n<p>Bei Kombi-Trocken- und Einbrenn\u00f6fen wird die kompakte, energiesparende Bauweise maximal genutzt. Diese \u00d6fen werden als W\u00e4rmespeicher mit einer minimalen Wandfl\u00e4che gebaut, um Energieverluste zu minimieren.<\/p>\n<h3>\u00d6fen mit Ein- und Auslaufkappen<\/h3>\n<p>Unsere hoch positionierten \u00d6fen, ausgestattet mit Ein- und Auslaufkappen, minimieren W\u00e4rmeverluste, indem sie den Luftaustritt verhindern. Dies kann zu einer Energiekosteneinsparung von bis zu 30% im Vergleich zu herk\u00f6mmlichen \u00d6fen f\u00fchren, w\u00e4hrend gleichzeitig die Arbeitsbedingungen durch die Eliminierung warmer Luft und Prozessd\u00e4mpfe in der Umgebung verbessert werden.<\/p>\n<h3>Zweistufige Luftschleusen<\/h3>\n<p>An der Ein- und Auslaufseite von \u00d6fen k\u00f6nnen zweistufige Luftschleusen installiert werden. Diese reduzieren den Energieverbrauch um 30% im Vergleich zu einstufigen Luftschleusen.<\/p>\n<h3>Automatische Ofent\u00fcren<\/h3>\n<p>Isolierte Ofent\u00fcren an den Ein- und Ausl\u00e4ufen von \u00d6fen verschlie\u00dfen den Raum w\u00e4hrend des Aufheizens und der Standzeiten der Produkte. Dies minimiert W\u00e4rmeverluste und erh\u00f6ht die Energieeffizienz.<\/p>\n<h3>Produktw\u00e4rmer\u00fcckgewinnung<\/h3>\n<p>Energie aus erw\u00e4rmten Produkten, die den Ofen verlassen, wird wiederverwendet, um eingehende Produkte vorzuw\u00e4rmen. Dies geschieht in einer W\u00e4rme\u00fcbertragungszone, in der warme und kalte Produkte W\u00e4rme austauschen.<\/p>\n<h3>W\u00e4rmetauscher-R\u00fcckgewinnung<\/h3>\n<p>Die Abgase eines indirekt beheizten Ofens k\u00f6nnen vollst\u00e4ndig in einen benachbarten Ofen zur\u00fcckgef\u00fchrt werden, was eine effiziente und nachhaltige L\u00f6sung bietet.<\/p>\n<h3>WTW-Einheit<\/h3>\n<p>Bei der WTW-L\u00fcftung wird warme Dampfabluft des Ofens verwendet, um W\u00e4rme an frische, kalte Luft zu \u00fcbertragen, die \u00fcber das L\u00fcftungssystem in das Geb\u00e4ude geleitet wird. Dies reduziert den Energieverbrauch und erh\u00f6ht die Effizienz.<\/p>\n","protected":false},"excerpt":{"rendered":"<p>Glasbeek: Nachhaltigkeit auf viele Arten Nachhaltige W\u00e4rmequelle Abw\u00e4rme aus Kompressoren, W\u00e4rmetauschern und beheizten Produkttransferzonen wird einfach wiederverwendet. Diese W\u00e4rme kann in unsere Anlagenteile integriert oder zur Beheizung Ihres Unternehmensgeb\u00e4udes genutzt werden. Dies tr\u00e4gt signifikant zur Reduzierung Ihres Energieverbrauchs bei. Elektrische Heizung Alle Ofentypen k\u00f6nnen mit einem umweltfreundlichen Solid-State-Elektroheizsystem ausgestattet werden, das die Nutzung erneuerbarer Energiequellen [&hellip;]<\/p>\n","protected":false},"author":1,"featured_media":640,"parent":0,"menu_order":10,"comment_status":"closed","ping_status":"closed","template":"page-templates\/installations.php","meta":{"_acf_changed":false,"footnotes":""},"categories":[21],"class_list":["post-1207","page","type-page","status-publish","has-post-thumbnail","hentry","category-installationen"],"acf":[],"yoast_head":"<!-- This site is optimized with the Yoast SEO plugin v27.4 - https:\/\/yoast.com\/product\/yoast-seo-wordpress\/ -->\n<title>-Anlagen - Glasbeek | Surface Treatment Systems<\/title>\n<meta name=\"description\" content=\"Glasbeek \u00d6fen &amp; Anlagen \u2013 Energieeffizient, nachhaltig &amp; zukunftssicher mit Hybrid-, Elektro- &amp; Wasserstofftechnik\" \/>\n<meta name=\"robots\" content=\"index, follow, max-snippet:-1, max-image-preview:large, max-video-preview:-1\" \/>\n<link rel=\"canonical\" href=\"https:\/\/glasbeek.com\/de\/glasbeek-anlagen\/\" \/>\n<meta property=\"og:locale\" content=\"de_DE\" \/>\n<meta property=\"og:type\" content=\"article\" \/>\n<meta property=\"og:title\" content=\"-Anlagen - Glasbeek | Surface Treatment Systems\" \/>\n<meta property=\"og:description\" content=\"Glasbeek \u00d6fen &amp; Anlagen \u2013 Energieeffizient, nachhaltig &amp; zukunftssicher mit Hybrid-, Elektro- &amp; Wasserstofftechnik\" \/>\n<meta property=\"og:url\" content=\"https:\/\/glasbeek.com\/de\/glasbeek-anlagen\/\" \/>\n<meta property=\"og:site_name\" content=\"Glasbeek | Surface Treatment Systems\" \/>\n<meta property=\"article:modified_time\" content=\"2025-07-09T12:54:13+00:00\" \/>\n<meta property=\"og:image\" content=\"https:\/\/glasbeek.com\/wp-content\/uploads\/2025\/03\/glasbeek_kettingbaan_06.jpg\" \/>\n\t<meta property=\"og:image:width\" content=\"743\" \/>\n\t<meta property=\"og:image:height\" content=\"432\" \/>\n\t<meta property=\"og:image:type\" content=\"image\/jpeg\" \/>\n<meta name=\"twitter:card\" content=\"summary_large_image\" \/>\n<meta name=\"twitter:label1\" content=\"Gesch\u00e4tzte Lesezeit\" \/>\n\t<meta name=\"twitter:data1\" content=\"3\u00a0Minuten\" \/>\n<script type=\"application\/ld+json\" class=\"yoast-schema-graph\">{\"@context\":\"https:\\\/\\\/schema.org\",\"@graph\":[{\"@type\":\"WebPage\",\"@id\":\"https:\\\/\\\/glasbeek.com\\\/de\\\/glasbeek-anlagen\\\/\",\"url\":\"https:\\\/\\\/glasbeek.com\\\/de\\\/glasbeek-anlagen\\\/\",\"name\":\"-Anlagen - Glasbeek | Surface Treatment Systems\",\"isPartOf\":{\"@id\":\"https:\\\/\\\/glasbeek.com\\\/#website\"},\"primaryImageOfPage\":{\"@id\":\"https:\\\/\\\/glasbeek.com\\\/de\\\/glasbeek-anlagen\\\/#primaryimage\"},\"image\":{\"@id\":\"https:\\\/\\\/glasbeek.com\\\/de\\\/glasbeek-anlagen\\\/#primaryimage\"},\"thumbnailUrl\":\"https:\\\/\\\/glasbeek.com\\\/wp-content\\\/uploads\\\/2025\\\/03\\\/glasbeek_kettingbaan_06.jpg\",\"datePublished\":\"2025-04-24T14:52:33+00:00\",\"dateModified\":\"2025-07-09T12:54:13+00:00\",\"description\":\"Glasbeek \u00d6fen & Anlagen \u2013 Energieeffizient, nachhaltig & zukunftssicher mit Hybrid-, Elektro- & Wasserstofftechnik\",\"breadcrumb\":{\"@id\":\"https:\\\/\\\/glasbeek.com\\\/de\\\/glasbeek-anlagen\\\/#breadcrumb\"},\"inLanguage\":\"de\",\"potentialAction\":[{\"@type\":\"ReadAction\",\"target\":[\"https:\\\/\\\/glasbeek.com\\\/de\\\/glasbeek-anlagen\\\/\"]}]},{\"@type\":\"ImageObject\",\"inLanguage\":\"de\",\"@id\":\"https:\\\/\\\/glasbeek.com\\\/de\\\/glasbeek-anlagen\\\/#primaryimage\",\"url\":\"https:\\\/\\\/glasbeek.com\\\/wp-content\\\/uploads\\\/2025\\\/03\\\/glasbeek_kettingbaan_06.jpg\",\"contentUrl\":\"https:\\\/\\\/glasbeek.com\\\/wp-content\\\/uploads\\\/2025\\\/03\\\/glasbeek_kettingbaan_06.jpg\",\"width\":743,\"height\":432,\"caption\":\"Glasbeek kettingbaan\"},{\"@type\":\"BreadcrumbList\",\"@id\":\"https:\\\/\\\/glasbeek.com\\\/de\\\/glasbeek-anlagen\\\/#breadcrumb\",\"itemListElement\":[{\"@type\":\"ListItem\",\"position\":1,\"name\":\"Home\",\"item\":\"https:\\\/\\\/glasbeek.com\\\/de\\\/home\\\/\"},{\"@type\":\"ListItem\",\"position\":2,\"name\":\"-Anlagen\"}]},{\"@type\":\"WebSite\",\"@id\":\"https:\\\/\\\/glasbeek.com\\\/#website\",\"url\":\"https:\\\/\\\/glasbeek.com\\\/\",\"name\":\"Glasbeek | Surface Treatment Systems\",\"description\":\"\",\"potentialAction\":[{\"@type\":\"SearchAction\",\"target\":{\"@type\":\"EntryPoint\",\"urlTemplate\":\"https:\\\/\\\/glasbeek.com\\\/?s={search_term_string}\"},\"query-input\":{\"@type\":\"PropertyValueSpecification\",\"valueRequired\":true,\"valueName\":\"search_term_string\"}}],\"inLanguage\":\"de\"}]}<\/script>\n<!-- \/ Yoast SEO plugin. -->","yoast_head_json":{"title":"-Anlagen - Glasbeek | Surface Treatment Systems","description":"Glasbeek \u00d6fen & Anlagen \u2013 Energieeffizient, nachhaltig & zukunftssicher mit Hybrid-, Elektro- & Wasserstofftechnik","robots":{"index":"index","follow":"follow","max-snippet":"max-snippet:-1","max-image-preview":"max-image-preview:large","max-video-preview":"max-video-preview:-1"},"canonical":"https:\/\/glasbeek.com\/de\/glasbeek-anlagen\/","og_locale":"de_DE","og_type":"article","og_title":"-Anlagen - Glasbeek | Surface Treatment Systems","og_description":"Glasbeek \u00d6fen & Anlagen \u2013 Energieeffizient, nachhaltig & zukunftssicher mit Hybrid-, Elektro- & Wasserstofftechnik","og_url":"https:\/\/glasbeek.com\/de\/glasbeek-anlagen\/","og_site_name":"Glasbeek | Surface Treatment Systems","article_modified_time":"2025-07-09T12:54:13+00:00","og_image":[{"width":743,"height":432,"url":"https:\/\/glasbeek.com\/wp-content\/uploads\/2025\/03\/glasbeek_kettingbaan_06.jpg","type":"image\/jpeg"}],"twitter_card":"summary_large_image","twitter_misc":{"Gesch\u00e4tzte Lesezeit":"3\u00a0Minuten"},"schema":{"@context":"https:\/\/schema.org","@graph":[{"@type":"WebPage","@id":"https:\/\/glasbeek.com\/de\/glasbeek-anlagen\/","url":"https:\/\/glasbeek.com\/de\/glasbeek-anlagen\/","name":"-Anlagen - Glasbeek | Surface Treatment Systems","isPartOf":{"@id":"https:\/\/glasbeek.com\/#website"},"primaryImageOfPage":{"@id":"https:\/\/glasbeek.com\/de\/glasbeek-anlagen\/#primaryimage"},"image":{"@id":"https:\/\/glasbeek.com\/de\/glasbeek-anlagen\/#primaryimage"},"thumbnailUrl":"https:\/\/glasbeek.com\/wp-content\/uploads\/2025\/03\/glasbeek_kettingbaan_06.jpg","datePublished":"2025-04-24T14:52:33+00:00","dateModified":"2025-07-09T12:54:13+00:00","description":"Glasbeek \u00d6fen & Anlagen \u2013 Energieeffizient, nachhaltig & zukunftssicher mit Hybrid-, Elektro- & Wasserstofftechnik","breadcrumb":{"@id":"https:\/\/glasbeek.com\/de\/glasbeek-anlagen\/#breadcrumb"},"inLanguage":"de","potentialAction":[{"@type":"ReadAction","target":["https:\/\/glasbeek.com\/de\/glasbeek-anlagen\/"]}]},{"@type":"ImageObject","inLanguage":"de","@id":"https:\/\/glasbeek.com\/de\/glasbeek-anlagen\/#primaryimage","url":"https:\/\/glasbeek.com\/wp-content\/uploads\/2025\/03\/glasbeek_kettingbaan_06.jpg","contentUrl":"https:\/\/glasbeek.com\/wp-content\/uploads\/2025\/03\/glasbeek_kettingbaan_06.jpg","width":743,"height":432,"caption":"Glasbeek kettingbaan"},{"@type":"BreadcrumbList","@id":"https:\/\/glasbeek.com\/de\/glasbeek-anlagen\/#breadcrumb","itemListElement":[{"@type":"ListItem","position":1,"name":"Home","item":"https:\/\/glasbeek.com\/de\/home\/"},{"@type":"ListItem","position":2,"name":"-Anlagen"}]},{"@type":"WebSite","@id":"https:\/\/glasbeek.com\/#website","url":"https:\/\/glasbeek.com\/","name":"Glasbeek | Surface Treatment Systems","description":"","potentialAction":[{"@type":"SearchAction","target":{"@type":"EntryPoint","urlTemplate":"https:\/\/glasbeek.com\/?s={search_term_string}"},"query-input":{"@type":"PropertyValueSpecification","valueRequired":true,"valueName":"search_term_string"}}],"inLanguage":"de"}]}},"_links":{"self":[{"href":"https:\/\/glasbeek.com\/de\/wp-json\/wp\/v2\/pages\/1207","targetHints":{"allow":["GET"]}}],"collection":[{"href":"https:\/\/glasbeek.com\/de\/wp-json\/wp\/v2\/pages"}],"about":[{"href":"https:\/\/glasbeek.com\/de\/wp-json\/wp\/v2\/types\/page"}],"author":[{"embeddable":true,"href":"https:\/\/glasbeek.com\/de\/wp-json\/wp\/v2\/users\/1"}],"replies":[{"embeddable":true,"href":"https:\/\/glasbeek.com\/de\/wp-json\/wp\/v2\/comments?post=1207"}],"version-history":[{"count":4,"href":"https:\/\/glasbeek.com\/de\/wp-json\/wp\/v2\/pages\/1207\/revisions"}],"predecessor-version":[{"id":1394,"href":"https:\/\/glasbeek.com\/de\/wp-json\/wp\/v2\/pages\/1207\/revisions\/1394"}],"wp:featuredmedia":[{"embeddable":true,"href":"https:\/\/glasbeek.com\/de\/wp-json\/wp\/v2\/media\/640"}],"wp:attachment":[{"href":"https:\/\/glasbeek.com\/de\/wp-json\/wp\/v2\/media?parent=1207"}],"wp:term":[{"taxonomy":"category","embeddable":true,"href":"https:\/\/glasbeek.com\/de\/wp-json\/wp\/v2\/categories?post=1207"}],"curies":[{"name":"wp","href":"https:\/\/api.w.org\/{rel}","templated":true}]}}