{"id":1217,"date":"2025-04-24T18:49:12","date_gmt":"2025-04-24T16:49:12","guid":{"rendered":"https:\/\/glasbeek.com\/pulverbeschichtungsanlagen\/"},"modified":"2025-08-25T15:48:09","modified_gmt":"2025-08-25T13:48:09","slug":"pulverbeschichtungsanlagen","status":"publish","type":"page","link":"https:\/\/glasbeek.com\/de\/pulverbeschichtungsanlagen\/","title":{"rendered":"Pulverbeschichtung"},"content":{"rendered":"<p>Unsere Pulverbeschichtungsanlagen bieten eine effiziente und dauerhafte L\u00f6sung f\u00fcr das Auftragen eines hochwertigen Finishs auf verschiedene Metalloberfl\u00e4chen. Mit fortschrittlicher Technologie sorgen wir f\u00fcr eine gleichm\u00e4\u00dfige Abdeckung, perfekte Haftung und lange Lebensdauer der Lacke, damit Ihre Produkte jahrelang perfekt aussehen. <\/p>\n","protected":false},"excerpt":{"rendered":"<p>Unsere Pulverbeschichtungsanlagen bieten eine effiziente und dauerhafte L\u00f6sung f\u00fcr das Auftragen eines hochwertigen Finishs auf verschiedene Metalloberfl\u00e4chen. Mit fortschrittlicher Technologie sorgen wir f\u00fcr eine gleichm\u00e4\u00dfige Abdeckung, perfekte Haftung und lange Lebensdauer der Lacke, damit Ihre Produkte jahrelang perfekt aussehen.<\/p>\n","protected":false},"author":1,"featured_media":447,"parent":0,"menu_order":40,"comment_status":"closed","ping_status":"closed","template":"page-templates\/product-category.php","meta":{"_acf_changed":false,"footnotes":""},"categories":[22],"class_list":["post-1217","page","type-page","status-publish","has-post-thumbnail","hentry","category-home_cards-de"],"acf":[],"yoast_head":"<!-- This site is optimized with the Yoast SEO plugin v27.4 - https:\/\/yoast.com\/product\/yoast-seo-wordpress\/ -->\n<title>Pulverbeschichtung - Glasbeek | Surface Treatment Systems<\/title>\n<meta name=\"description\" content=\"Effiziente und nachhaltige Pulverbeschichtungssysteme von Glasbeek: Lange Lebensdauer, schnelle Farbwechsel und zuverl\u00e4ssige Verarbeitung.\" \/>\n<meta name=\"robots\" content=\"index, follow, max-snippet:-1, max-image-preview:large, max-video-preview:-1\" \/>\n<link rel=\"canonical\" href=\"https:\/\/glasbeek.com\/de\/pulverbeschichtungsanlagen\/\" \/>\n<meta property=\"og:locale\" content=\"de_DE\" \/>\n<meta property=\"og:type\" content=\"article\" \/>\n<meta property=\"og:title\" content=\"Pulverbeschichtung - Glasbeek | Surface Treatment Systems\" \/>\n<meta property=\"og:description\" content=\"Effiziente und nachhaltige Pulverbeschichtungssysteme von Glasbeek: Lange Lebensdauer, schnelle Farbwechsel und zuverl\u00e4ssige Verarbeitung.\" \/>\n<meta property=\"og:url\" content=\"https:\/\/glasbeek.com\/de\/pulverbeschichtungsanlagen\/\" \/>\n<meta property=\"og:site_name\" content=\"Glasbeek | Surface Treatment Systems\" \/>\n<meta property=\"article:modified_time\" content=\"2025-08-25T13:48:09+00:00\" \/>\n<meta property=\"og:image\" content=\"https:\/\/glasbeek.com\/wp-content\/uploads\/2025\/03\/glasbeek_automaatpoedercabine_06.jpg\" \/>\n\t<meta property=\"og:image:width\" content=\"743\" \/>\n\t<meta property=\"og:image:height\" content=\"432\" \/>\n\t<meta property=\"og:image:type\" content=\"image\/jpeg\" \/>\n<meta name=\"twitter:card\" content=\"summary_large_image\" \/>\n<meta name=\"twitter:label1\" content=\"Gesch\u00e4tzte Lesezeit\" \/>\n\t<meta name=\"twitter:data1\" content=\"1\u00a0Minute\" \/>\n<script type=\"application\/ld+json\" class=\"yoast-schema-graph\">{\"@context\":\"https:\\\/\\\/schema.org\",\"@graph\":[{\"@type\":\"WebPage\",\"@id\":\"https:\\\/\\\/glasbeek.com\\\/de\\\/pulverbeschichtungsanlagen\\\/\",\"url\":\"https:\\\/\\\/glasbeek.com\\\/de\\\/pulverbeschichtungsanlagen\\\/\",\"name\":\"Pulverbeschichtung - Glasbeek | Surface Treatment Systems\",\"isPartOf\":{\"@id\":\"https:\\\/\\\/glasbeek.com\\\/#website\"},\"primaryImageOfPage\":{\"@id\":\"https:\\\/\\\/glasbeek.com\\\/de\\\/pulverbeschichtungsanlagen\\\/#primaryimage\"},\"image\":{\"@id\":\"https:\\\/\\\/glasbeek.com\\\/de\\\/pulverbeschichtungsanlagen\\\/#primaryimage\"},\"thumbnailUrl\":\"https:\\\/\\\/glasbeek.com\\\/wp-content\\\/uploads\\\/2025\\\/03\\\/glasbeek_automaatpoedercabine_06.jpg\",\"datePublished\":\"2025-04-24T16:49:12+00:00\",\"dateModified\":\"2025-08-25T13:48:09+00:00\",\"description\":\"Effiziente und nachhaltige Pulverbeschichtungssysteme von Glasbeek: Lange Lebensdauer, schnelle Farbwechsel und zuverl\u00e4ssige Verarbeitung.\",\"breadcrumb\":{\"@id\":\"https:\\\/\\\/glasbeek.com\\\/de\\\/pulverbeschichtungsanlagen\\\/#breadcrumb\"},\"inLanguage\":\"de\",\"potentialAction\":[{\"@type\":\"ReadAction\",\"target\":[\"https:\\\/\\\/glasbeek.com\\\/de\\\/pulverbeschichtungsanlagen\\\/\"]}]},{\"@type\":\"ImageObject\",\"inLanguage\":\"de\",\"@id\":\"https:\\\/\\\/glasbeek.com\\\/de\\\/pulverbeschichtungsanlagen\\\/#primaryimage\",\"url\":\"https:\\\/\\\/glasbeek.com\\\/wp-content\\\/uploads\\\/2025\\\/03\\\/glasbeek_automaatpoedercabine_06.jpg\",\"contentUrl\":\"https:\\\/\\\/glasbeek.com\\\/wp-content\\\/uploads\\\/2025\\\/03\\\/glasbeek_automaatpoedercabine_06.jpg\",\"width\":743,\"height\":432,\"caption\":\"Automaat Poedercabine\"},{\"@type\":\"BreadcrumbList\",\"@id\":\"https:\\\/\\\/glasbeek.com\\\/de\\\/pulverbeschichtungsanlagen\\\/#breadcrumb\",\"itemListElement\":[{\"@type\":\"ListItem\",\"position\":1,\"name\":\"Home\",\"item\":\"https:\\\/\\\/glasbeek.com\\\/de\\\/home\\\/\"},{\"@type\":\"ListItem\",\"position\":2,\"name\":\"Pulverbeschichtung\"}]},{\"@type\":\"WebSite\",\"@id\":\"https:\\\/\\\/glasbeek.com\\\/#website\",\"url\":\"https:\\\/\\\/glasbeek.com\\\/\",\"name\":\"Glasbeek | Surface Treatment Systems\",\"description\":\"\",\"potentialAction\":[{\"@type\":\"SearchAction\",\"target\":{\"@type\":\"EntryPoint\",\"urlTemplate\":\"https:\\\/\\\/glasbeek.com\\\/?s={search_term_string}\"},\"query-input\":{\"@type\":\"PropertyValueSpecification\",\"valueRequired\":true,\"valueName\":\"search_term_string\"}}],\"inLanguage\":\"de\"}]}<\/script>\n<!-- \/ Yoast SEO plugin. -->","yoast_head_json":{"title":"Pulverbeschichtung - Glasbeek | Surface Treatment Systems","description":"Effiziente und nachhaltige Pulverbeschichtungssysteme von Glasbeek: Lange Lebensdauer, schnelle Farbwechsel und zuverl\u00e4ssige Verarbeitung.","robots":{"index":"index","follow":"follow","max-snippet":"max-snippet:-1","max-image-preview":"max-image-preview:large","max-video-preview":"max-video-preview:-1"},"canonical":"https:\/\/glasbeek.com\/de\/pulverbeschichtungsanlagen\/","og_locale":"de_DE","og_type":"article","og_title":"Pulverbeschichtung - Glasbeek | Surface Treatment Systems","og_description":"Effiziente und nachhaltige Pulverbeschichtungssysteme von Glasbeek: Lange Lebensdauer, schnelle Farbwechsel und zuverl\u00e4ssige Verarbeitung.","og_url":"https:\/\/glasbeek.com\/de\/pulverbeschichtungsanlagen\/","og_site_name":"Glasbeek | Surface Treatment Systems","article_modified_time":"2025-08-25T13:48:09+00:00","og_image":[{"width":743,"height":432,"url":"https:\/\/glasbeek.com\/wp-content\/uploads\/2025\/03\/glasbeek_automaatpoedercabine_06.jpg","type":"image\/jpeg"}],"twitter_card":"summary_large_image","twitter_misc":{"Gesch\u00e4tzte Lesezeit":"1\u00a0Minute"},"schema":{"@context":"https:\/\/schema.org","@graph":[{"@type":"WebPage","@id":"https:\/\/glasbeek.com\/de\/pulverbeschichtungsanlagen\/","url":"https:\/\/glasbeek.com\/de\/pulverbeschichtungsanlagen\/","name":"Pulverbeschichtung - Glasbeek | Surface Treatment Systems","isPartOf":{"@id":"https:\/\/glasbeek.com\/#website"},"primaryImageOfPage":{"@id":"https:\/\/glasbeek.com\/de\/pulverbeschichtungsanlagen\/#primaryimage"},"image":{"@id":"https:\/\/glasbeek.com\/de\/pulverbeschichtungsanlagen\/#primaryimage"},"thumbnailUrl":"https:\/\/glasbeek.com\/wp-content\/uploads\/2025\/03\/glasbeek_automaatpoedercabine_06.jpg","datePublished":"2025-04-24T16:49:12+00:00","dateModified":"2025-08-25T13:48:09+00:00","description":"Effiziente und nachhaltige Pulverbeschichtungssysteme von Glasbeek: Lange Lebensdauer, schnelle Farbwechsel und zuverl\u00e4ssige Verarbeitung.","breadcrumb":{"@id":"https:\/\/glasbeek.com\/de\/pulverbeschichtungsanlagen\/#breadcrumb"},"inLanguage":"de","potentialAction":[{"@type":"ReadAction","target":["https:\/\/glasbeek.com\/de\/pulverbeschichtungsanlagen\/"]}]},{"@type":"ImageObject","inLanguage":"de","@id":"https:\/\/glasbeek.com\/de\/pulverbeschichtungsanlagen\/#primaryimage","url":"https:\/\/glasbeek.com\/wp-content\/uploads\/2025\/03\/glasbeek_automaatpoedercabine_06.jpg","contentUrl":"https:\/\/glasbeek.com\/wp-content\/uploads\/2025\/03\/glasbeek_automaatpoedercabine_06.jpg","width":743,"height":432,"caption":"Automaat Poedercabine"},{"@type":"BreadcrumbList","@id":"https:\/\/glasbeek.com\/de\/pulverbeschichtungsanlagen\/#breadcrumb","itemListElement":[{"@type":"ListItem","position":1,"name":"Home","item":"https:\/\/glasbeek.com\/de\/home\/"},{"@type":"ListItem","position":2,"name":"Pulverbeschichtung"}]},{"@type":"WebSite","@id":"https:\/\/glasbeek.com\/#website","url":"https:\/\/glasbeek.com\/","name":"Glasbeek | Surface Treatment Systems","description":"","potentialAction":[{"@type":"SearchAction","target":{"@type":"EntryPoint","urlTemplate":"https:\/\/glasbeek.com\/?s={search_term_string}"},"query-input":{"@type":"PropertyValueSpecification","valueRequired":true,"valueName":"search_term_string"}}],"inLanguage":"de"}]}},"_links":{"self":[{"href":"https:\/\/glasbeek.com\/de\/wp-json\/wp\/v2\/pages\/1217","targetHints":{"allow":["GET"]}}],"collection":[{"href":"https:\/\/glasbeek.com\/de\/wp-json\/wp\/v2\/pages"}],"about":[{"href":"https:\/\/glasbeek.com\/de\/wp-json\/wp\/v2\/types\/page"}],"author":[{"embeddable":true,"href":"https:\/\/glasbeek.com\/de\/wp-json\/wp\/v2\/users\/1"}],"replies":[{"embeddable":true,"href":"https:\/\/glasbeek.com\/de\/wp-json\/wp\/v2\/comments?post=1217"}],"version-history":[{"count":1,"href":"https:\/\/glasbeek.com\/de\/wp-json\/wp\/v2\/pages\/1217\/revisions"}],"predecessor-version":[{"id":1220,"href":"https:\/\/glasbeek.com\/de\/wp-json\/wp\/v2\/pages\/1217\/revisions\/1220"}],"wp:featuredmedia":[{"embeddable":true,"href":"https:\/\/glasbeek.com\/de\/wp-json\/wp\/v2\/media\/447"}],"wp:attachment":[{"href":"https:\/\/glasbeek.com\/de\/wp-json\/wp\/v2\/media?parent=1217"}],"wp:term":[{"taxonomy":"category","embeddable":true,"href":"https:\/\/glasbeek.com\/de\/wp-json\/wp\/v2\/categories?post=1217"}],"curies":[{"name":"wp","href":"https:\/\/api.w.org\/{rel}","templated":true}]}}