{"id":1225,"date":"2025-04-25T11:46:09","date_gmt":"2025-04-25T09:46:09","guid":{"rendered":"https:\/\/glasbeek.com\/trocknungsanlagen\/"},"modified":"2025-08-25T15:57:01","modified_gmt":"2025-08-25T13:57:01","slug":"trocknungsanlagen","status":"publish","type":"page","link":"https:\/\/glasbeek.com\/de\/trocknungsanlagen\/","title":{"rendered":"Trocknungsanlagen"},"content":{"rendered":"<p>Die Trocknungsanlagen von Glasbeek sind so konzipiert, dass sie beim Aush\u00e4rten von Beschichtungen, Farben und Lacken maximale Leistung erbringen. Unsere Installationsoptionen bieten eine pr\u00e4zise Temperaturkontrolle, schnelle Aufw\u00e4rmzeiten und einen energieeffizienten Betrieb, damit Ihr Produktionsprozess reibungslos und kostenbewusst abl\u00e4uft. <\/p>\n","protected":false},"excerpt":{"rendered":"<p>Die Trocknungsanlagen von Glasbeek sind so konzipiert, dass sie beim Aush\u00e4rten von Beschichtungen, Farben und Lacken maximale Leistung erbringen. Unsere Installationsoptionen bieten eine pr\u00e4zise Temperaturkontrolle, schnelle Aufw\u00e4rmzeiten und einen energieeffizienten Betrieb, damit Ihr Produktionsprozess reibungslos und kostenbewusst abl\u00e4uft.<\/p>\n","protected":false},"author":1,"featured_media":552,"parent":0,"menu_order":50,"comment_status":"closed","ping_status":"closed","template":"page-templates\/product-category.php","meta":{"_acf_changed":false,"footnotes":""},"categories":[22],"class_list":["post-1225","page","type-page","status-publish","has-post-thumbnail","hentry","category-home_cards-de"],"acf":[],"yoast_head":"<!-- This site is optimized with the Yoast SEO plugin v27.4 - https:\/\/yoast.com\/product\/yoast-seo-wordpress\/ -->\n<title>Trocknungsanlagen - Glasbeek | Surface Treatment Systems<\/title>\n<meta name=\"description\" content=\"Optimieren Sie Ihre Produktion mit \u00d6fen von Glasbeek: hohe Kapazit\u00e4t, Energieeffizienz, pr\u00e4zise Temperaturregelung.\" \/>\n<meta name=\"robots\" content=\"index, follow, max-snippet:-1, max-image-preview:large, max-video-preview:-1\" \/>\n<link rel=\"canonical\" href=\"https:\/\/glasbeek.com\/de\/trocknungsanlagen\/\" \/>\n<meta property=\"og:locale\" content=\"de_DE\" \/>\n<meta property=\"og:type\" content=\"article\" \/>\n<meta property=\"og:title\" content=\"Trocknungsanlagen - Glasbeek | Surface Treatment Systems\" \/>\n<meta property=\"og:description\" content=\"Optimieren Sie Ihre Produktion mit \u00d6fen von Glasbeek: hohe Kapazit\u00e4t, Energieeffizienz, pr\u00e4zise Temperaturregelung.\" \/>\n<meta property=\"og:url\" content=\"https:\/\/glasbeek.com\/de\/trocknungsanlagen\/\" \/>\n<meta property=\"og:site_name\" content=\"Glasbeek | Surface Treatment Systems\" \/>\n<meta property=\"article:modified_time\" content=\"2025-08-25T13:57:01+00:00\" \/>\n<meta property=\"og:image\" content=\"https:\/\/glasbeek.com\/wp-content\/uploads\/2025\/03\/glasbeek_doorloopoven_09.jpg\" \/>\n\t<meta property=\"og:image:width\" content=\"743\" \/>\n\t<meta property=\"og:image:height\" content=\"432\" \/>\n\t<meta property=\"og:image:type\" content=\"image\/jpeg\" \/>\n<meta name=\"twitter:card\" content=\"summary_large_image\" \/>\n<meta name=\"twitter:label1\" content=\"Gesch\u00e4tzte Lesezeit\" \/>\n\t<meta name=\"twitter:data1\" content=\"1\u00a0Minute\" \/>\n<script type=\"application\/ld+json\" class=\"yoast-schema-graph\">{\"@context\":\"https:\\\/\\\/schema.org\",\"@graph\":[{\"@type\":\"WebPage\",\"@id\":\"https:\\\/\\\/glasbeek.com\\\/de\\\/trocknungsanlagen\\\/\",\"url\":\"https:\\\/\\\/glasbeek.com\\\/de\\\/trocknungsanlagen\\\/\",\"name\":\"Trocknungsanlagen - Glasbeek | Surface Treatment Systems\",\"isPartOf\":{\"@id\":\"https:\\\/\\\/glasbeek.com\\\/#website\"},\"primaryImageOfPage\":{\"@id\":\"https:\\\/\\\/glasbeek.com\\\/de\\\/trocknungsanlagen\\\/#primaryimage\"},\"image\":{\"@id\":\"https:\\\/\\\/glasbeek.com\\\/de\\\/trocknungsanlagen\\\/#primaryimage\"},\"thumbnailUrl\":\"https:\\\/\\\/glasbeek.com\\\/wp-content\\\/uploads\\\/2025\\\/03\\\/glasbeek_doorloopoven_09.jpg\",\"datePublished\":\"2025-04-25T09:46:09+00:00\",\"dateModified\":\"2025-08-25T13:57:01+00:00\",\"description\":\"Optimieren Sie Ihre Produktion mit \u00d6fen von Glasbeek: hohe Kapazit\u00e4t, Energieeffizienz, pr\u00e4zise Temperaturregelung.\",\"breadcrumb\":{\"@id\":\"https:\\\/\\\/glasbeek.com\\\/de\\\/trocknungsanlagen\\\/#breadcrumb\"},\"inLanguage\":\"de\",\"potentialAction\":[{\"@type\":\"ReadAction\",\"target\":[\"https:\\\/\\\/glasbeek.com\\\/de\\\/trocknungsanlagen\\\/\"]}]},{\"@type\":\"ImageObject\",\"inLanguage\":\"de\",\"@id\":\"https:\\\/\\\/glasbeek.com\\\/de\\\/trocknungsanlagen\\\/#primaryimage\",\"url\":\"https:\\\/\\\/glasbeek.com\\\/wp-content\\\/uploads\\\/2025\\\/03\\\/glasbeek_doorloopoven_09.jpg\",\"contentUrl\":\"https:\\\/\\\/glasbeek.com\\\/wp-content\\\/uploads\\\/2025\\\/03\\\/glasbeek_doorloopoven_09.jpg\",\"width\":743,\"height\":432,\"caption\":\"Glasbeek doorloopoven\"},{\"@type\":\"BreadcrumbList\",\"@id\":\"https:\\\/\\\/glasbeek.com\\\/de\\\/trocknungsanlagen\\\/#breadcrumb\",\"itemListElement\":[{\"@type\":\"ListItem\",\"position\":1,\"name\":\"Home\",\"item\":\"https:\\\/\\\/glasbeek.com\\\/de\\\/home\\\/\"},{\"@type\":\"ListItem\",\"position\":2,\"name\":\"Trocknungsanlagen\"}]},{\"@type\":\"WebSite\",\"@id\":\"https:\\\/\\\/glasbeek.com\\\/#website\",\"url\":\"https:\\\/\\\/glasbeek.com\\\/\",\"name\":\"Glasbeek | Surface Treatment Systems\",\"description\":\"\",\"potentialAction\":[{\"@type\":\"SearchAction\",\"target\":{\"@type\":\"EntryPoint\",\"urlTemplate\":\"https:\\\/\\\/glasbeek.com\\\/?s={search_term_string}\"},\"query-input\":{\"@type\":\"PropertyValueSpecification\",\"valueRequired\":true,\"valueName\":\"search_term_string\"}}],\"inLanguage\":\"de\"}]}<\/script>\n<!-- \/ Yoast SEO plugin. -->","yoast_head_json":{"title":"Trocknungsanlagen - Glasbeek | Surface Treatment Systems","description":"Optimieren Sie Ihre Produktion mit \u00d6fen von Glasbeek: hohe Kapazit\u00e4t, Energieeffizienz, pr\u00e4zise Temperaturregelung.","robots":{"index":"index","follow":"follow","max-snippet":"max-snippet:-1","max-image-preview":"max-image-preview:large","max-video-preview":"max-video-preview:-1"},"canonical":"https:\/\/glasbeek.com\/de\/trocknungsanlagen\/","og_locale":"de_DE","og_type":"article","og_title":"Trocknungsanlagen - Glasbeek | Surface Treatment Systems","og_description":"Optimieren Sie Ihre Produktion mit \u00d6fen von Glasbeek: hohe Kapazit\u00e4t, Energieeffizienz, pr\u00e4zise Temperaturregelung.","og_url":"https:\/\/glasbeek.com\/de\/trocknungsanlagen\/","og_site_name":"Glasbeek | Surface Treatment Systems","article_modified_time":"2025-08-25T13:57:01+00:00","og_image":[{"width":743,"height":432,"url":"https:\/\/glasbeek.com\/wp-content\/uploads\/2025\/03\/glasbeek_doorloopoven_09.jpg","type":"image\/jpeg"}],"twitter_card":"summary_large_image","twitter_misc":{"Gesch\u00e4tzte Lesezeit":"1\u00a0Minute"},"schema":{"@context":"https:\/\/schema.org","@graph":[{"@type":"WebPage","@id":"https:\/\/glasbeek.com\/de\/trocknungsanlagen\/","url":"https:\/\/glasbeek.com\/de\/trocknungsanlagen\/","name":"Trocknungsanlagen - Glasbeek | Surface Treatment Systems","isPartOf":{"@id":"https:\/\/glasbeek.com\/#website"},"primaryImageOfPage":{"@id":"https:\/\/glasbeek.com\/de\/trocknungsanlagen\/#primaryimage"},"image":{"@id":"https:\/\/glasbeek.com\/de\/trocknungsanlagen\/#primaryimage"},"thumbnailUrl":"https:\/\/glasbeek.com\/wp-content\/uploads\/2025\/03\/glasbeek_doorloopoven_09.jpg","datePublished":"2025-04-25T09:46:09+00:00","dateModified":"2025-08-25T13:57:01+00:00","description":"Optimieren Sie Ihre Produktion mit \u00d6fen von Glasbeek: hohe Kapazit\u00e4t, Energieeffizienz, pr\u00e4zise Temperaturregelung.","breadcrumb":{"@id":"https:\/\/glasbeek.com\/de\/trocknungsanlagen\/#breadcrumb"},"inLanguage":"de","potentialAction":[{"@type":"ReadAction","target":["https:\/\/glasbeek.com\/de\/trocknungsanlagen\/"]}]},{"@type":"ImageObject","inLanguage":"de","@id":"https:\/\/glasbeek.com\/de\/trocknungsanlagen\/#primaryimage","url":"https:\/\/glasbeek.com\/wp-content\/uploads\/2025\/03\/glasbeek_doorloopoven_09.jpg","contentUrl":"https:\/\/glasbeek.com\/wp-content\/uploads\/2025\/03\/glasbeek_doorloopoven_09.jpg","width":743,"height":432,"caption":"Glasbeek doorloopoven"},{"@type":"BreadcrumbList","@id":"https:\/\/glasbeek.com\/de\/trocknungsanlagen\/#breadcrumb","itemListElement":[{"@type":"ListItem","position":1,"name":"Home","item":"https:\/\/glasbeek.com\/de\/home\/"},{"@type":"ListItem","position":2,"name":"Trocknungsanlagen"}]},{"@type":"WebSite","@id":"https:\/\/glasbeek.com\/#website","url":"https:\/\/glasbeek.com\/","name":"Glasbeek | Surface Treatment Systems","description":"","potentialAction":[{"@type":"SearchAction","target":{"@type":"EntryPoint","urlTemplate":"https:\/\/glasbeek.com\/?s={search_term_string}"},"query-input":{"@type":"PropertyValueSpecification","valueRequired":true,"valueName":"search_term_string"}}],"inLanguage":"de"}]}},"_links":{"self":[{"href":"https:\/\/glasbeek.com\/de\/wp-json\/wp\/v2\/pages\/1225","targetHints":{"allow":["GET"]}}],"collection":[{"href":"https:\/\/glasbeek.com\/de\/wp-json\/wp\/v2\/pages"}],"about":[{"href":"https:\/\/glasbeek.com\/de\/wp-json\/wp\/v2\/types\/page"}],"author":[{"embeddable":true,"href":"https:\/\/glasbeek.com\/de\/wp-json\/wp\/v2\/users\/1"}],"replies":[{"embeddable":true,"href":"https:\/\/glasbeek.com\/de\/wp-json\/wp\/v2\/comments?post=1225"}],"version-history":[{"count":1,"href":"https:\/\/glasbeek.com\/de\/wp-json\/wp\/v2\/pages\/1225\/revisions"}],"predecessor-version":[{"id":1336,"href":"https:\/\/glasbeek.com\/de\/wp-json\/wp\/v2\/pages\/1225\/revisions\/1336"}],"wp:featuredmedia":[{"embeddable":true,"href":"https:\/\/glasbeek.com\/de\/wp-json\/wp\/v2\/media\/552"}],"wp:attachment":[{"href":"https:\/\/glasbeek.com\/de\/wp-json\/wp\/v2\/media?parent=1225"}],"wp:term":[{"taxonomy":"category","embeddable":true,"href":"https:\/\/glasbeek.com\/de\/wp-json\/wp\/v2\/categories?post=1225"}],"curies":[{"name":"wp","href":"https:\/\/api.w.org\/{rel}","templated":true}]}}