{"id":1227,"date":"2025-04-25T12:00:24","date_gmt":"2025-04-25T10:00:24","guid":{"rendered":"https:\/\/glasbeek.com\/trocknungsanlagen\/kammertrockner-einbrennofen\/"},"modified":"2025-07-10T08:55:32","modified_gmt":"2025-07-10T06:55:32","slug":"kammertrockner-einbrennofen","status":"publish","type":"page","link":"https:\/\/glasbeek.com\/de\/trocknungsanlagen\/kammertrockner-einbrennofen\/","title":{"rendered":"Kammertrockner &#8211; Einbrennofen"},"content":{"rendered":"","protected":false},"excerpt":{"rendered":"","protected":false},"author":1,"featured_media":612,"parent":1225,"menu_order":1,"comment_status":"closed","ping_status":"closed","template":"page-templates\/product.php","meta":{"_acf_changed":false,"footnotes":""},"categories":[],"class_list":["post-1227","page","type-page","status-publish","has-post-thumbnail","hentry"],"acf":[],"yoast_head":"<!-- This site is optimized with the Yoast SEO plugin v27.4 - https:\/\/yoast.com\/product\/yoast-seo-wordpress\/ -->\n<title>Kammertrockner - Einbrennofen - Glasbeek | Surface Treatment Systems<\/title>\n<meta name=\"description\" content=\"Glasbeek Kammertrockner: gleichm\u00e4\u00dfige W\u00e4rmeverteilung, energieeffizient, modular &amp; perfekt f\u00fcr Trocknen und Einbrennen.\" \/>\n<meta name=\"robots\" content=\"index, follow, max-snippet:-1, max-image-preview:large, max-video-preview:-1\" \/>\n<link rel=\"canonical\" href=\"https:\/\/glasbeek.com\/de\/trocknungsanlagen\/kammertrockner-einbrennofen\/\" \/>\n<meta property=\"og:locale\" content=\"de_DE\" \/>\n<meta property=\"og:type\" content=\"article\" \/>\n<meta property=\"og:title\" content=\"Kammertrockner - Einbrennofen - Glasbeek | Surface Treatment Systems\" \/>\n<meta property=\"og:description\" content=\"Glasbeek Kammertrockner: gleichm\u00e4\u00dfige W\u00e4rmeverteilung, energieeffizient, modular &amp; perfekt f\u00fcr Trocknen und Einbrennen.\" \/>\n<meta property=\"og:url\" content=\"https:\/\/glasbeek.com\/de\/trocknungsanlagen\/kammertrockner-einbrennofen\/\" \/>\n<meta property=\"og:site_name\" content=\"Glasbeek | Surface Treatment Systems\" \/>\n<meta property=\"article:modified_time\" content=\"2025-07-10T06:55:32+00:00\" \/>\n<meta property=\"og:image\" content=\"https:\/\/glasbeek.com\/wp-content\/uploads\/2025\/03\/glasbeek_kameroven_05.jpg\" \/>\n\t<meta property=\"og:image:width\" content=\"743\" \/>\n\t<meta property=\"og:image:height\" content=\"432\" \/>\n\t<meta property=\"og:image:type\" content=\"image\/jpeg\" \/>\n<meta name=\"twitter:card\" content=\"summary_large_image\" \/>\n<meta name=\"twitter:label1\" content=\"Gesch\u00e4tzte Lesezeit\" \/>\n\t<meta name=\"twitter:data1\" content=\"1\u00a0Minute\" \/>\n<script type=\"application\/ld+json\" class=\"yoast-schema-graph\">{\"@context\":\"https:\\\/\\\/schema.org\",\"@graph\":[{\"@type\":\"WebPage\",\"@id\":\"https:\\\/\\\/glasbeek.com\\\/de\\\/trocknungsanlagen\\\/kammertrockner-einbrennofen\\\/\",\"url\":\"https:\\\/\\\/glasbeek.com\\\/de\\\/trocknungsanlagen\\\/kammertrockner-einbrennofen\\\/\",\"name\":\"Kammertrockner - Einbrennofen - Glasbeek | Surface Treatment Systems\",\"isPartOf\":{\"@id\":\"https:\\\/\\\/glasbeek.com\\\/#website\"},\"primaryImageOfPage\":{\"@id\":\"https:\\\/\\\/glasbeek.com\\\/de\\\/trocknungsanlagen\\\/kammertrockner-einbrennofen\\\/#primaryimage\"},\"image\":{\"@id\":\"https:\\\/\\\/glasbeek.com\\\/de\\\/trocknungsanlagen\\\/kammertrockner-einbrennofen\\\/#primaryimage\"},\"thumbnailUrl\":\"https:\\\/\\\/glasbeek.com\\\/wp-content\\\/uploads\\\/2025\\\/03\\\/glasbeek_kameroven_05.jpg\",\"datePublished\":\"2025-04-25T10:00:24+00:00\",\"dateModified\":\"2025-07-10T06:55:32+00:00\",\"description\":\"Glasbeek Kammertrockner: gleichm\u00e4\u00dfige W\u00e4rmeverteilung, energieeffizient, modular & perfekt f\u00fcr Trocknen und Einbrennen.\",\"breadcrumb\":{\"@id\":\"https:\\\/\\\/glasbeek.com\\\/de\\\/trocknungsanlagen\\\/kammertrockner-einbrennofen\\\/#breadcrumb\"},\"inLanguage\":\"de\",\"potentialAction\":[{\"@type\":\"ReadAction\",\"target\":[\"https:\\\/\\\/glasbeek.com\\\/de\\\/trocknungsanlagen\\\/kammertrockner-einbrennofen\\\/\"]}]},{\"@type\":\"ImageObject\",\"inLanguage\":\"de\",\"@id\":\"https:\\\/\\\/glasbeek.com\\\/de\\\/trocknungsanlagen\\\/kammertrockner-einbrennofen\\\/#primaryimage\",\"url\":\"https:\\\/\\\/glasbeek.com\\\/wp-content\\\/uploads\\\/2025\\\/03\\\/glasbeek_kameroven_05.jpg\",\"contentUrl\":\"https:\\\/\\\/glasbeek.com\\\/wp-content\\\/uploads\\\/2025\\\/03\\\/glasbeek_kameroven_05.jpg\",\"width\":743,\"height\":432,\"caption\":\"Glasbeek kameroven\"},{\"@type\":\"BreadcrumbList\",\"@id\":\"https:\\\/\\\/glasbeek.com\\\/de\\\/trocknungsanlagen\\\/kammertrockner-einbrennofen\\\/#breadcrumb\",\"itemListElement\":[{\"@type\":\"ListItem\",\"position\":1,\"name\":\"Home\",\"item\":\"https:\\\/\\\/glasbeek.com\\\/de\\\/home\\\/\"},{\"@type\":\"ListItem\",\"position\":2,\"name\":\"Trocknungsanlagen\",\"item\":\"https:\\\/\\\/glasbeek.com\\\/de\\\/trocknungsanlagen\\\/\"},{\"@type\":\"ListItem\",\"position\":3,\"name\":\"Kammertrockner &#8211; Einbrennofen\"}]},{\"@type\":\"WebSite\",\"@id\":\"https:\\\/\\\/glasbeek.com\\\/#website\",\"url\":\"https:\\\/\\\/glasbeek.com\\\/\",\"name\":\"Glasbeek | Surface Treatment Systems\",\"description\":\"\",\"potentialAction\":[{\"@type\":\"SearchAction\",\"target\":{\"@type\":\"EntryPoint\",\"urlTemplate\":\"https:\\\/\\\/glasbeek.com\\\/?s={search_term_string}\"},\"query-input\":{\"@type\":\"PropertyValueSpecification\",\"valueRequired\":true,\"valueName\":\"search_term_string\"}}],\"inLanguage\":\"de\"}]}<\/script>\n<!-- \/ Yoast SEO plugin. -->","yoast_head_json":{"title":"Kammertrockner - Einbrennofen - Glasbeek | Surface Treatment Systems","description":"Glasbeek Kammertrockner: gleichm\u00e4\u00dfige W\u00e4rmeverteilung, energieeffizient, modular & perfekt f\u00fcr Trocknen und Einbrennen.","robots":{"index":"index","follow":"follow","max-snippet":"max-snippet:-1","max-image-preview":"max-image-preview:large","max-video-preview":"max-video-preview:-1"},"canonical":"https:\/\/glasbeek.com\/de\/trocknungsanlagen\/kammertrockner-einbrennofen\/","og_locale":"de_DE","og_type":"article","og_title":"Kammertrockner - Einbrennofen - Glasbeek | Surface Treatment Systems","og_description":"Glasbeek Kammertrockner: gleichm\u00e4\u00dfige W\u00e4rmeverteilung, energieeffizient, modular & perfekt f\u00fcr Trocknen und Einbrennen.","og_url":"https:\/\/glasbeek.com\/de\/trocknungsanlagen\/kammertrockner-einbrennofen\/","og_site_name":"Glasbeek | Surface Treatment Systems","article_modified_time":"2025-07-10T06:55:32+00:00","og_image":[{"width":743,"height":432,"url":"https:\/\/glasbeek.com\/wp-content\/uploads\/2025\/03\/glasbeek_kameroven_05.jpg","type":"image\/jpeg"}],"twitter_card":"summary_large_image","twitter_misc":{"Gesch\u00e4tzte Lesezeit":"1\u00a0Minute"},"schema":{"@context":"https:\/\/schema.org","@graph":[{"@type":"WebPage","@id":"https:\/\/glasbeek.com\/de\/trocknungsanlagen\/kammertrockner-einbrennofen\/","url":"https:\/\/glasbeek.com\/de\/trocknungsanlagen\/kammertrockner-einbrennofen\/","name":"Kammertrockner - Einbrennofen - Glasbeek | Surface Treatment Systems","isPartOf":{"@id":"https:\/\/glasbeek.com\/#website"},"primaryImageOfPage":{"@id":"https:\/\/glasbeek.com\/de\/trocknungsanlagen\/kammertrockner-einbrennofen\/#primaryimage"},"image":{"@id":"https:\/\/glasbeek.com\/de\/trocknungsanlagen\/kammertrockner-einbrennofen\/#primaryimage"},"thumbnailUrl":"https:\/\/glasbeek.com\/wp-content\/uploads\/2025\/03\/glasbeek_kameroven_05.jpg","datePublished":"2025-04-25T10:00:24+00:00","dateModified":"2025-07-10T06:55:32+00:00","description":"Glasbeek Kammertrockner: gleichm\u00e4\u00dfige W\u00e4rmeverteilung, energieeffizient, modular & perfekt f\u00fcr Trocknen und Einbrennen.","breadcrumb":{"@id":"https:\/\/glasbeek.com\/de\/trocknungsanlagen\/kammertrockner-einbrennofen\/#breadcrumb"},"inLanguage":"de","potentialAction":[{"@type":"ReadAction","target":["https:\/\/glasbeek.com\/de\/trocknungsanlagen\/kammertrockner-einbrennofen\/"]}]},{"@type":"ImageObject","inLanguage":"de","@id":"https:\/\/glasbeek.com\/de\/trocknungsanlagen\/kammertrockner-einbrennofen\/#primaryimage","url":"https:\/\/glasbeek.com\/wp-content\/uploads\/2025\/03\/glasbeek_kameroven_05.jpg","contentUrl":"https:\/\/glasbeek.com\/wp-content\/uploads\/2025\/03\/glasbeek_kameroven_05.jpg","width":743,"height":432,"caption":"Glasbeek kameroven"},{"@type":"BreadcrumbList","@id":"https:\/\/glasbeek.com\/de\/trocknungsanlagen\/kammertrockner-einbrennofen\/#breadcrumb","itemListElement":[{"@type":"ListItem","position":1,"name":"Home","item":"https:\/\/glasbeek.com\/de\/home\/"},{"@type":"ListItem","position":2,"name":"Trocknungsanlagen","item":"https:\/\/glasbeek.com\/de\/trocknungsanlagen\/"},{"@type":"ListItem","position":3,"name":"Kammertrockner &#8211; Einbrennofen"}]},{"@type":"WebSite","@id":"https:\/\/glasbeek.com\/#website","url":"https:\/\/glasbeek.com\/","name":"Glasbeek | Surface Treatment Systems","description":"","potentialAction":[{"@type":"SearchAction","target":{"@type":"EntryPoint","urlTemplate":"https:\/\/glasbeek.com\/?s={search_term_string}"},"query-input":{"@type":"PropertyValueSpecification","valueRequired":true,"valueName":"search_term_string"}}],"inLanguage":"de"}]}},"_links":{"self":[{"href":"https:\/\/glasbeek.com\/de\/wp-json\/wp\/v2\/pages\/1227","targetHints":{"allow":["GET"]}}],"collection":[{"href":"https:\/\/glasbeek.com\/de\/wp-json\/wp\/v2\/pages"}],"about":[{"href":"https:\/\/glasbeek.com\/de\/wp-json\/wp\/v2\/types\/page"}],"author":[{"embeddable":true,"href":"https:\/\/glasbeek.com\/de\/wp-json\/wp\/v2\/users\/1"}],"replies":[{"embeddable":true,"href":"https:\/\/glasbeek.com\/de\/wp-json\/wp\/v2\/comments?post=1227"}],"version-history":[{"count":1,"href":"https:\/\/glasbeek.com\/de\/wp-json\/wp\/v2\/pages\/1227\/revisions"}],"predecessor-version":[{"id":1401,"href":"https:\/\/glasbeek.com\/de\/wp-json\/wp\/v2\/pages\/1227\/revisions\/1401"}],"up":[{"embeddable":true,"href":"https:\/\/glasbeek.com\/de\/wp-json\/wp\/v2\/pages\/1225"}],"wp:featuredmedia":[{"embeddable":true,"href":"https:\/\/glasbeek.com\/de\/wp-json\/wp\/v2\/media\/612"}],"wp:attachment":[{"href":"https:\/\/glasbeek.com\/de\/wp-json\/wp\/v2\/media?parent=1227"}],"wp:term":[{"taxonomy":"category","embeddable":true,"href":"https:\/\/glasbeek.com\/de\/wp-json\/wp\/v2\/categories?post=1227"}],"curies":[{"name":"wp","href":"https:\/\/api.w.org\/{rel}","templated":true}]}}