{"id":1345,"date":"2025-05-13T11:26:22","date_gmt":"2025-05-13T09:26:22","guid":{"rendered":"https:\/\/glasbeek.com\/trocknungsanlagen\/hochtemperaturofen\/"},"modified":"2025-07-10T09:10:05","modified_gmt":"2025-07-10T07:10:05","slug":"hochtemperaturofen","status":"publish","type":"page","link":"https:\/\/glasbeek.com\/de\/trocknungsanlagen\/hochtemperaturofen\/","title":{"rendered":"Hochtemperaturofen"},"content":{"rendered":"","protected":false},"excerpt":{"rendered":"","protected":false},"author":1,"featured_media":587,"parent":1225,"menu_order":4,"comment_status":"closed","ping_status":"closed","template":"page-templates\/product.php","meta":{"_acf_changed":false,"footnotes":""},"categories":[],"class_list":["post-1345","page","type-page","status-publish","has-post-thumbnail","hentry"],"acf":[],"yoast_head":"<!-- This site is optimized with the Yoast SEO plugin v27.4 - https:\/\/yoast.com\/product\/yoast-seo-wordpress\/ -->\n<title>Hochtemperaturofen - Glasbeek | Surface Treatment Systems<\/title>\n<meta name=\"description\" content=\"Glasbeek Hochtemperaturofen: pr\u00e4zise, robust und energieeffizient f\u00fcr H\u00e4rten, Sintern und extreme Industrieprozesse.\" \/>\n<meta name=\"robots\" content=\"index, follow, max-snippet:-1, max-image-preview:large, max-video-preview:-1\" \/>\n<link rel=\"canonical\" href=\"https:\/\/glasbeek.com\/de\/trocknungsanlagen\/hochtemperaturofen\/\" \/>\n<meta property=\"og:locale\" content=\"de_DE\" \/>\n<meta property=\"og:type\" content=\"article\" \/>\n<meta property=\"og:title\" content=\"Hochtemperaturofen - Glasbeek | Surface Treatment Systems\" \/>\n<meta property=\"og:description\" content=\"Glasbeek Hochtemperaturofen: pr\u00e4zise, robust und energieeffizient f\u00fcr H\u00e4rten, Sintern und extreme Industrieprozesse.\" \/>\n<meta property=\"og:url\" content=\"https:\/\/glasbeek.com\/de\/trocknungsanlagen\/hochtemperaturofen\/\" \/>\n<meta property=\"og:site_name\" content=\"Glasbeek | Surface Treatment Systems\" \/>\n<meta property=\"article:modified_time\" content=\"2025-07-10T07:10:05+00:00\" \/>\n<meta property=\"og:image\" content=\"https:\/\/glasbeek.com\/wp-content\/uploads\/2025\/03\/glasbeek_hoogtemperatuuroven_03.jpg\" \/>\n\t<meta property=\"og:image:width\" content=\"743\" \/>\n\t<meta property=\"og:image:height\" content=\"432\" \/>\n\t<meta property=\"og:image:type\" content=\"image\/jpeg\" \/>\n<meta name=\"twitter:card\" content=\"summary_large_image\" \/>\n<meta name=\"twitter:label1\" content=\"Gesch\u00e4tzte Lesezeit\" \/>\n\t<meta name=\"twitter:data1\" content=\"1\u00a0Minute\" \/>\n<script type=\"application\/ld+json\" class=\"yoast-schema-graph\">{\"@context\":\"https:\\\/\\\/schema.org\",\"@graph\":[{\"@type\":\"WebPage\",\"@id\":\"https:\\\/\\\/glasbeek.com\\\/de\\\/trocknungsanlagen\\\/hochtemperaturofen\\\/\",\"url\":\"https:\\\/\\\/glasbeek.com\\\/de\\\/trocknungsanlagen\\\/hochtemperaturofen\\\/\",\"name\":\"Hochtemperaturofen - Glasbeek | Surface Treatment Systems\",\"isPartOf\":{\"@id\":\"https:\\\/\\\/glasbeek.com\\\/#website\"},\"primaryImageOfPage\":{\"@id\":\"https:\\\/\\\/glasbeek.com\\\/de\\\/trocknungsanlagen\\\/hochtemperaturofen\\\/#primaryimage\"},\"image\":{\"@id\":\"https:\\\/\\\/glasbeek.com\\\/de\\\/trocknungsanlagen\\\/hochtemperaturofen\\\/#primaryimage\"},\"thumbnailUrl\":\"https:\\\/\\\/glasbeek.com\\\/wp-content\\\/uploads\\\/2025\\\/03\\\/glasbeek_hoogtemperatuuroven_03.jpg\",\"datePublished\":\"2025-05-13T09:26:22+00:00\",\"dateModified\":\"2025-07-10T07:10:05+00:00\",\"description\":\"Glasbeek Hochtemperaturofen: pr\u00e4zise, robust und energieeffizient f\u00fcr H\u00e4rten, Sintern und extreme Industrieprozesse.\",\"breadcrumb\":{\"@id\":\"https:\\\/\\\/glasbeek.com\\\/de\\\/trocknungsanlagen\\\/hochtemperaturofen\\\/#breadcrumb\"},\"inLanguage\":\"de\",\"potentialAction\":[{\"@type\":\"ReadAction\",\"target\":[\"https:\\\/\\\/glasbeek.com\\\/de\\\/trocknungsanlagen\\\/hochtemperaturofen\\\/\"]}]},{\"@type\":\"ImageObject\",\"inLanguage\":\"de\",\"@id\":\"https:\\\/\\\/glasbeek.com\\\/de\\\/trocknungsanlagen\\\/hochtemperaturofen\\\/#primaryimage\",\"url\":\"https:\\\/\\\/glasbeek.com\\\/wp-content\\\/uploads\\\/2025\\\/03\\\/glasbeek_hoogtemperatuuroven_03.jpg\",\"contentUrl\":\"https:\\\/\\\/glasbeek.com\\\/wp-content\\\/uploads\\\/2025\\\/03\\\/glasbeek_hoogtemperatuuroven_03.jpg\",\"width\":743,\"height\":432,\"caption\":\"Glasbeek Hoog Temperatuuroven\"},{\"@type\":\"BreadcrumbList\",\"@id\":\"https:\\\/\\\/glasbeek.com\\\/de\\\/trocknungsanlagen\\\/hochtemperaturofen\\\/#breadcrumb\",\"itemListElement\":[{\"@type\":\"ListItem\",\"position\":1,\"name\":\"Home\",\"item\":\"https:\\\/\\\/glasbeek.com\\\/de\\\/home\\\/\"},{\"@type\":\"ListItem\",\"position\":2,\"name\":\"Trocknungsanlagen\",\"item\":\"https:\\\/\\\/glasbeek.com\\\/de\\\/trocknungsanlagen\\\/\"},{\"@type\":\"ListItem\",\"position\":3,\"name\":\"Hochtemperaturofen\"}]},{\"@type\":\"WebSite\",\"@id\":\"https:\\\/\\\/glasbeek.com\\\/#website\",\"url\":\"https:\\\/\\\/glasbeek.com\\\/\",\"name\":\"Glasbeek | Surface Treatment Systems\",\"description\":\"\",\"potentialAction\":[{\"@type\":\"SearchAction\",\"target\":{\"@type\":\"EntryPoint\",\"urlTemplate\":\"https:\\\/\\\/glasbeek.com\\\/?s={search_term_string}\"},\"query-input\":{\"@type\":\"PropertyValueSpecification\",\"valueRequired\":true,\"valueName\":\"search_term_string\"}}],\"inLanguage\":\"de\"}]}<\/script>\n<!-- \/ Yoast SEO plugin. -->","yoast_head_json":{"title":"Hochtemperaturofen - Glasbeek | Surface Treatment Systems","description":"Glasbeek Hochtemperaturofen: pr\u00e4zise, robust und energieeffizient f\u00fcr H\u00e4rten, Sintern und extreme Industrieprozesse.","robots":{"index":"index","follow":"follow","max-snippet":"max-snippet:-1","max-image-preview":"max-image-preview:large","max-video-preview":"max-video-preview:-1"},"canonical":"https:\/\/glasbeek.com\/de\/trocknungsanlagen\/hochtemperaturofen\/","og_locale":"de_DE","og_type":"article","og_title":"Hochtemperaturofen - Glasbeek | Surface Treatment Systems","og_description":"Glasbeek Hochtemperaturofen: pr\u00e4zise, robust und energieeffizient f\u00fcr H\u00e4rten, Sintern und extreme Industrieprozesse.","og_url":"https:\/\/glasbeek.com\/de\/trocknungsanlagen\/hochtemperaturofen\/","og_site_name":"Glasbeek | Surface Treatment Systems","article_modified_time":"2025-07-10T07:10:05+00:00","og_image":[{"width":743,"height":432,"url":"https:\/\/glasbeek.com\/wp-content\/uploads\/2025\/03\/glasbeek_hoogtemperatuuroven_03.jpg","type":"image\/jpeg"}],"twitter_card":"summary_large_image","twitter_misc":{"Gesch\u00e4tzte Lesezeit":"1\u00a0Minute"},"schema":{"@context":"https:\/\/schema.org","@graph":[{"@type":"WebPage","@id":"https:\/\/glasbeek.com\/de\/trocknungsanlagen\/hochtemperaturofen\/","url":"https:\/\/glasbeek.com\/de\/trocknungsanlagen\/hochtemperaturofen\/","name":"Hochtemperaturofen - Glasbeek | Surface Treatment Systems","isPartOf":{"@id":"https:\/\/glasbeek.com\/#website"},"primaryImageOfPage":{"@id":"https:\/\/glasbeek.com\/de\/trocknungsanlagen\/hochtemperaturofen\/#primaryimage"},"image":{"@id":"https:\/\/glasbeek.com\/de\/trocknungsanlagen\/hochtemperaturofen\/#primaryimage"},"thumbnailUrl":"https:\/\/glasbeek.com\/wp-content\/uploads\/2025\/03\/glasbeek_hoogtemperatuuroven_03.jpg","datePublished":"2025-05-13T09:26:22+00:00","dateModified":"2025-07-10T07:10:05+00:00","description":"Glasbeek Hochtemperaturofen: pr\u00e4zise, robust und energieeffizient f\u00fcr H\u00e4rten, Sintern und extreme Industrieprozesse.","breadcrumb":{"@id":"https:\/\/glasbeek.com\/de\/trocknungsanlagen\/hochtemperaturofen\/#breadcrumb"},"inLanguage":"de","potentialAction":[{"@type":"ReadAction","target":["https:\/\/glasbeek.com\/de\/trocknungsanlagen\/hochtemperaturofen\/"]}]},{"@type":"ImageObject","inLanguage":"de","@id":"https:\/\/glasbeek.com\/de\/trocknungsanlagen\/hochtemperaturofen\/#primaryimage","url":"https:\/\/glasbeek.com\/wp-content\/uploads\/2025\/03\/glasbeek_hoogtemperatuuroven_03.jpg","contentUrl":"https:\/\/glasbeek.com\/wp-content\/uploads\/2025\/03\/glasbeek_hoogtemperatuuroven_03.jpg","width":743,"height":432,"caption":"Glasbeek Hoog Temperatuuroven"},{"@type":"BreadcrumbList","@id":"https:\/\/glasbeek.com\/de\/trocknungsanlagen\/hochtemperaturofen\/#breadcrumb","itemListElement":[{"@type":"ListItem","position":1,"name":"Home","item":"https:\/\/glasbeek.com\/de\/home\/"},{"@type":"ListItem","position":2,"name":"Trocknungsanlagen","item":"https:\/\/glasbeek.com\/de\/trocknungsanlagen\/"},{"@type":"ListItem","position":3,"name":"Hochtemperaturofen"}]},{"@type":"WebSite","@id":"https:\/\/glasbeek.com\/#website","url":"https:\/\/glasbeek.com\/","name":"Glasbeek | Surface Treatment Systems","description":"","potentialAction":[{"@type":"SearchAction","target":{"@type":"EntryPoint","urlTemplate":"https:\/\/glasbeek.com\/?s={search_term_string}"},"query-input":{"@type":"PropertyValueSpecification","valueRequired":true,"valueName":"search_term_string"}}],"inLanguage":"de"}]}},"_links":{"self":[{"href":"https:\/\/glasbeek.com\/de\/wp-json\/wp\/v2\/pages\/1345","targetHints":{"allow":["GET"]}}],"collection":[{"href":"https:\/\/glasbeek.com\/de\/wp-json\/wp\/v2\/pages"}],"about":[{"href":"https:\/\/glasbeek.com\/de\/wp-json\/wp\/v2\/types\/page"}],"author":[{"embeddable":true,"href":"https:\/\/glasbeek.com\/de\/wp-json\/wp\/v2\/users\/1"}],"replies":[{"embeddable":true,"href":"https:\/\/glasbeek.com\/de\/wp-json\/wp\/v2\/comments?post=1345"}],"version-history":[{"count":1,"href":"https:\/\/glasbeek.com\/de\/wp-json\/wp\/v2\/pages\/1345\/revisions"}],"predecessor-version":[{"id":1365,"href":"https:\/\/glasbeek.com\/de\/wp-json\/wp\/v2\/pages\/1345\/revisions\/1365"}],"up":[{"embeddable":true,"href":"https:\/\/glasbeek.com\/de\/wp-json\/wp\/v2\/pages\/1225"}],"wp:featuredmedia":[{"embeddable":true,"href":"https:\/\/glasbeek.com\/de\/wp-json\/wp\/v2\/media\/587"}],"wp:attachment":[{"href":"https:\/\/glasbeek.com\/de\/wp-json\/wp\/v2\/media?parent=1345"}],"wp:term":[{"taxonomy":"category","embeddable":true,"href":"https:\/\/glasbeek.com\/de\/wp-json\/wp\/v2\/categories?post=1345"}],"curies":[{"name":"wp","href":"https:\/\/api.w.org\/{rel}","templated":true}]}}